{"id":9962,"date":"2020-10-06T15:00:00","date_gmt":"2020-10-06T13:00:00","guid":{"rendered":"https:\/\/xdbase.net\/galerie-seydoux\/?p=9962"},"modified":"2023-05-26T12:17:56","modified_gmt":"2023-05-26T10:17:56","slug":"artiste-oeuvre-107-71","status":"publish","type":"product","link":"https:\/\/galerie-seydoux.fr\/en\/collections\/artiste-oeuvre-107-71\/","title":{"rendered":"Honor\u00e9 DAUMIER &#8211; Le Chevalier V\u00e9ron d\u00e9fiant le Charivari \u00e0 un singulier combat, 1849"},"content":{"rendered":"<p>Delteil nr 1916 (II\/II). Very good impression on wove paper, in old colors. Some slight tears and foxings, especially visible on the back. Good margins. Ex-collection C. Moison (without mark).<\/p>\n","protected":false},"excerpt":{"rendered":"<p>Honor\u00e9 DAUMIER<br \/>\n1808 Marseille + 1879 Valmondois<br \/>\nLithography<\/p>\n","protected":false},"featured_media":19093,"template":"","meta":{"_acf_changed":false,"_et_pb_use_builder":"","_et_pb_old_content":"","_et_gb_content_width":"","inline_featured_image":false},"product_brand":[],"product_cat":[373],"product_tag":[],"pa_product_author":[],"class_list":{"0":"post-9962","1":"product","2":"type-product","3":"status-publish","4":"has-post-thumbnail","6":"product_cat-xviiie-siecle","8":"first","9":"instock","10":"shipping-taxable","11":"purchasable","12":"product-type-simple"},"acf":[],"_links":{"self":[{"href":"https:\/\/galerie-seydoux.fr\/en\/wp-json\/wp\/v2\/product\/9962","targetHints":{"allow":["GET"]}}],"collection":[{"href":"https:\/\/galerie-seydoux.fr\/en\/wp-json\/wp\/v2\/product"}],"about":[{"href":"https:\/\/galerie-seydoux.fr\/en\/wp-json\/wp\/v2\/types\/product"}],"wp:featuredmedia":[{"embeddable":true,"href":"https:\/\/galerie-seydoux.fr\/en\/wp-json\/wp\/v2\/media\/19093"}],"wp:attachment":[{"href":"https:\/\/galerie-seydoux.fr\/en\/wp-json\/wp\/v2\/media?parent=9962"}],"wp:term":[{"taxonomy":"product_brand","embeddable":true,"href":"https:\/\/galerie-seydoux.fr\/en\/wp-json\/wp\/v2\/product_brand?post=9962"},{"taxonomy":"product_cat","embeddable":true,"href":"https:\/\/galerie-seydoux.fr\/en\/wp-json\/wp\/v2\/product_cat?post=9962"},{"taxonomy":"product_tag","embeddable":true,"href":"https:\/\/galerie-seydoux.fr\/en\/wp-json\/wp\/v2\/product_tag?post=9962"},{"taxonomy":"pa_product_author","embeddable":true,"href":"https:\/\/galerie-seydoux.fr\/en\/wp-json\/wp\/v2\/pa_product_author?post=9962"}],"curies":[{"name":"wp","href":"https:\/\/api.w.org\/{rel}","templated":true}]}}