{"id":9484,"date":"2020-05-20T18:06:08","date_gmt":"2020-05-20T16:06:08","guid":{"rendered":"https:\/\/xdbase.net\/galerie-seydoux\/?p=9484"},"modified":"2023-05-26T11:08:58","modified_gmt":"2023-05-26T09:08:58","slug":"artiste-oeuvre-107-12","status":"publish","type":"product","link":"https:\/\/galerie-seydoux.fr\/en\/collections\/artiste-oeuvre-107-12\/","title":{"rendered":"Jean Fran\u00e7ois Pierre PEYRON &#8211; Socrate d\u00e9tachant Alcibiades des charmes de la volupt\u00e9"},"content":{"rendered":"<p>P. de Baudicour nr 4 (III\/III). Good impression of the 3rd and last state, with Naudet address. Creases, some dust and waterstain. Small margins. This print reproduces the painting of the same subject executed by Peyron himself, in Roma, about 1775,\u00a0and made strong effect by its new taste in Greek.<\/p>\n","protected":false},"excerpt":{"rendered":"<p>Jean Fran\u00e7ois Pierre PEYRON<br \/>\n1744 Aix en Provence + 1815 Paris<br \/>\nEtching<\/p>\n","protected":false},"featured_media":20900,"template":"","meta":{"_acf_changed":false,"_et_pb_use_builder":"","_et_pb_old_content":"","_et_gb_content_width":"","inline_featured_image":false},"product_brand":[],"product_cat":[3673,3672,3674],"product_tag":[],"pa_product_author":[],"class_list":{"0":"post-9484","1":"product","2":"type-product","3":"status-publish","4":"has-post-thumbnail","6":"product_cat-18th-century","7":"product_cat-prints","8":"product_cat-french-school","10":"first","11":"instock","12":"shipping-taxable","13":"purchasable","14":"product-type-simple"},"acf":[],"_links":{"self":[{"href":"https:\/\/galerie-seydoux.fr\/en\/wp-json\/wp\/v2\/product\/9484","targetHints":{"allow":["GET"]}}],"collection":[{"href":"https:\/\/galerie-seydoux.fr\/en\/wp-json\/wp\/v2\/product"}],"about":[{"href":"https:\/\/galerie-seydoux.fr\/en\/wp-json\/wp\/v2\/types\/product"}],"wp:featuredmedia":[{"embeddable":true,"href":"https:\/\/galerie-seydoux.fr\/en\/wp-json\/wp\/v2\/media\/20900"}],"wp:attachment":[{"href":"https:\/\/galerie-seydoux.fr\/en\/wp-json\/wp\/v2\/media?parent=9484"}],"wp:term":[{"taxonomy":"product_brand","embeddable":true,"href":"https:\/\/galerie-seydoux.fr\/en\/wp-json\/wp\/v2\/product_brand?post=9484"},{"taxonomy":"product_cat","embeddable":true,"href":"https:\/\/galerie-seydoux.fr\/en\/wp-json\/wp\/v2\/product_cat?post=9484"},{"taxonomy":"product_tag","embeddable":true,"href":"https:\/\/galerie-seydoux.fr\/en\/wp-json\/wp\/v2\/product_tag?post=9484"},{"taxonomy":"pa_product_author","embeddable":true,"href":"https:\/\/galerie-seydoux.fr\/en\/wp-json\/wp\/v2\/pa_product_author?post=9484"}],"curies":[{"name":"wp","href":"https:\/\/api.w.org\/{rel}","templated":true}]}}