{"id":9480,"date":"2020-05-20T16:00:20","date_gmt":"2020-05-20T14:00:20","guid":{"rendered":"https:\/\/xdbase.net\/galerie-seydoux\/?p=9480"},"modified":"2023-05-26T11:03:13","modified_gmt":"2023-05-26T09:03:13","slug":"artiste-oeuvre-107-17","status":"publish","type":"product","link":"https:\/\/galerie-seydoux.fr\/en\/collections\/artiste-oeuvre-107-17\/","title":{"rendered":"Eug\u00e8ne DELATRE &#8211; Beauport \u00e0 K\u00e9rity (Paimpol), 1912"},"content":{"rendered":"<p>I.F.F. nr 21-2. Very good impression on laid paper, numbered and signed. Marginal slight oxidation. Good margins.<\/p>\n","protected":false},"excerpt":{"rendered":"<p>Eug\u00e8ne DELATRE<br \/>\n1864 Paris + 1938 Paris<br \/>\nDrypoint<\/p>\n","protected":false},"featured_media":20894,"template":"","meta":{"_acf_changed":false,"_et_pb_use_builder":"","_et_pb_old_content":"","_et_gb_content_width":"","inline_featured_image":false},"product_brand":[],"product_cat":[3679,3672,3674],"product_tag":[],"pa_product_author":[],"class_list":{"0":"post-9480","1":"product","2":"type-product","3":"status-publish","4":"has-post-thumbnail","6":"product_cat-20th-century","7":"product_cat-prints","8":"product_cat-french-school","10":"first","11":"instock","12":"shipping-taxable","13":"purchasable","14":"product-type-simple"},"acf":[],"_links":{"self":[{"href":"https:\/\/galerie-seydoux.fr\/en\/wp-json\/wp\/v2\/product\/9480","targetHints":{"allow":["GET"]}}],"collection":[{"href":"https:\/\/galerie-seydoux.fr\/en\/wp-json\/wp\/v2\/product"}],"about":[{"href":"https:\/\/galerie-seydoux.fr\/en\/wp-json\/wp\/v2\/types\/product"}],"wp:featuredmedia":[{"embeddable":true,"href":"https:\/\/galerie-seydoux.fr\/en\/wp-json\/wp\/v2\/media\/20894"}],"wp:attachment":[{"href":"https:\/\/galerie-seydoux.fr\/en\/wp-json\/wp\/v2\/media?parent=9480"}],"wp:term":[{"taxonomy":"product_brand","embeddable":true,"href":"https:\/\/galerie-seydoux.fr\/en\/wp-json\/wp\/v2\/product_brand?post=9480"},{"taxonomy":"product_cat","embeddable":true,"href":"https:\/\/galerie-seydoux.fr\/en\/wp-json\/wp\/v2\/product_cat?post=9480"},{"taxonomy":"product_tag","embeddable":true,"href":"https:\/\/galerie-seydoux.fr\/en\/wp-json\/wp\/v2\/product_tag?post=9480"},{"taxonomy":"pa_product_author","embeddable":true,"href":"https:\/\/galerie-seydoux.fr\/en\/wp-json\/wp\/v2\/pa_product_author?post=9480"}],"curies":[{"name":"wp","href":"https:\/\/api.w.org\/{rel}","templated":true}]}}