{"id":8800,"date":"2020-03-06T16:49:18","date_gmt":"2020-03-06T15:49:18","guid":{"rendered":"https:\/\/xdbase.net\/galerie-seydoux\/?p=8800"},"modified":"2023-05-25T15:02:33","modified_gmt":"2023-05-25T13:02:33","slug":"felix-buhot-lhiver-a-paris-ou-la-neige-a-paris-1879","status":"publish","type":"product","link":"https:\/\/galerie-seydoux.fr\/en\/collections\/felix-buhot-lhiver-a-paris-ou-la-neige-a-paris-1879\/","title":{"rendered":"F\u00e9lix BUHOT &#8211; L&#8217;Hiver \u00e0 Paris or La Neige \u00e0 Paris, 1879"},"content":{"rendered":"<p>B. and G. n<sup>r<\/sup>128 (III ? \/ V). Very good impression on laid paper, probably of the 3rd state (of 5). Creases and small marginal tears. Oxidation trace at the opening of an old mounting. Good margins.<\/p>\n","protected":false},"excerpt":{"rendered":"<p>F\u00e9lix BUHOT<br \/>\n1847 Paris + 1898 Valognes<br \/>\nEtching, drypoint and soft ground etching<\/p>\n","protected":false},"featured_media":18929,"template":"","meta":{"_acf_changed":false,"_et_pb_use_builder":"","_et_pb_old_content":"","_et_gb_content_width":"","inline_featured_image":false},"product_brand":[],"product_cat":[3680,3672,3674],"product_tag":[],"pa_product_author":[],"class_list":{"0":"post-8800","1":"product","2":"type-product","3":"status-publish","4":"has-post-thumbnail","6":"product_cat-19th-century","7":"product_cat-prints","8":"product_cat-french-school","10":"first","11":"instock","12":"shipping-taxable","13":"purchasable","14":"product-type-simple"},"acf":[],"_links":{"self":[{"href":"https:\/\/galerie-seydoux.fr\/en\/wp-json\/wp\/v2\/product\/8800","targetHints":{"allow":["GET"]}}],"collection":[{"href":"https:\/\/galerie-seydoux.fr\/en\/wp-json\/wp\/v2\/product"}],"about":[{"href":"https:\/\/galerie-seydoux.fr\/en\/wp-json\/wp\/v2\/types\/product"}],"wp:featuredmedia":[{"embeddable":true,"href":"https:\/\/galerie-seydoux.fr\/en\/wp-json\/wp\/v2\/media\/18929"}],"wp:attachment":[{"href":"https:\/\/galerie-seydoux.fr\/en\/wp-json\/wp\/v2\/media?parent=8800"}],"wp:term":[{"taxonomy":"product_brand","embeddable":true,"href":"https:\/\/galerie-seydoux.fr\/en\/wp-json\/wp\/v2\/product_brand?post=8800"},{"taxonomy":"product_cat","embeddable":true,"href":"https:\/\/galerie-seydoux.fr\/en\/wp-json\/wp\/v2\/product_cat?post=8800"},{"taxonomy":"product_tag","embeddable":true,"href":"https:\/\/galerie-seydoux.fr\/en\/wp-json\/wp\/v2\/product_tag?post=8800"},{"taxonomy":"pa_product_author","embeddable":true,"href":"https:\/\/galerie-seydoux.fr\/en\/wp-json\/wp\/v2\/pa_product_author?post=8800"}],"curies":[{"name":"wp","href":"https:\/\/api.w.org\/{rel}","templated":true}]}}