{"id":8408,"date":"2020-02-04T15:00:51","date_gmt":"2020-02-04T14:00:51","guid":{"rendered":"https:\/\/xdbase.net\/galerie-seydoux\/?p=8408"},"modified":"2023-05-25T14:58:46","modified_gmt":"2023-05-25T12:58:46","slug":"artiste-oeuvre-56-2","status":"publish","type":"product","link":"https:\/\/galerie-seydoux.fr\/en\/collections\/artiste-oeuvre-56-2\/","title":{"rendered":"Pierre Gabriel BERTHAULT &#8211; Supplice de Louis XVI place de la R\u00e9volution"},"content":{"rendered":"<p>I.F.F. n<sup>r<\/sup>278 (II\/II). Good impression on wove paper of the last state. From the set &#8220;Collection compl\u00e8te des tableaux historiques de la R\u00e9volution fran\u00e7aise&#8221;, 1791-1798. Small foxings in the sky, some creases. Good margins.<\/p>\n","protected":false},"excerpt":{"rendered":"<p>Pierre Gabriel BERTHAULT<br \/>\n1737 Saint Maur + 1831 Paris<br \/>\nEtching and engraving after Swebach Desfontaines<\/p>\n","protected":false},"featured_media":18897,"template":"","meta":{"_acf_changed":false,"_et_pb_use_builder":"","_et_pb_old_content":"","_et_gb_content_width":"","inline_featured_image":false},"product_brand":[],"product_cat":[3673,3672,3674],"product_tag":[],"pa_product_author":[],"class_list":{"0":"post-8408","1":"product","2":"type-product","3":"status-publish","4":"has-post-thumbnail","6":"product_cat-18th-century","7":"product_cat-prints","8":"product_cat-french-school","10":"first","11":"instock","12":"shipping-taxable","13":"purchasable","14":"product-type-simple"},"acf":[],"_links":{"self":[{"href":"https:\/\/galerie-seydoux.fr\/en\/wp-json\/wp\/v2\/product\/8408","targetHints":{"allow":["GET"]}}],"collection":[{"href":"https:\/\/galerie-seydoux.fr\/en\/wp-json\/wp\/v2\/product"}],"about":[{"href":"https:\/\/galerie-seydoux.fr\/en\/wp-json\/wp\/v2\/types\/product"}],"wp:featuredmedia":[{"embeddable":true,"href":"https:\/\/galerie-seydoux.fr\/en\/wp-json\/wp\/v2\/media\/18897"}],"wp:attachment":[{"href":"https:\/\/galerie-seydoux.fr\/en\/wp-json\/wp\/v2\/media?parent=8408"}],"wp:term":[{"taxonomy":"product_brand","embeddable":true,"href":"https:\/\/galerie-seydoux.fr\/en\/wp-json\/wp\/v2\/product_brand?post=8408"},{"taxonomy":"product_cat","embeddable":true,"href":"https:\/\/galerie-seydoux.fr\/en\/wp-json\/wp\/v2\/product_cat?post=8408"},{"taxonomy":"product_tag","embeddable":true,"href":"https:\/\/galerie-seydoux.fr\/en\/wp-json\/wp\/v2\/product_tag?post=8408"},{"taxonomy":"pa_product_author","embeddable":true,"href":"https:\/\/galerie-seydoux.fr\/en\/wp-json\/wp\/v2\/pa_product_author?post=8408"}],"curies":[{"name":"wp","href":"https:\/\/api.w.org\/{rel}","templated":true}]}}