{"id":5176,"date":"2018-07-06T16:58:46","date_gmt":"2018-07-06T14:58:46","guid":{"rendered":"https:\/\/xdbase.net\/galerie-seydoux\/?p=5176"},"modified":"2023-05-25T14:58:59","modified_gmt":"2023-05-25T12:58:59","slug":"theophile-alexandre-steinlen-homme-cheminant-aux-abords-dun-village-1914","status":"publish","type":"product","link":"https:\/\/galerie-seydoux.fr\/en\/collections\/theophile-alexandre-steinlen-homme-cheminant-aux-abords-dun-village-1914\/","title":{"rendered":"Th\u00e9ophile Alexandre STEINLEN &#8211; (Man walking near a village), 1914"},"content":{"rendered":"<p>Very good impression on laid paper, watermark &#8220;Eug. Del\u00e2tre&#8221;, annotated at foot &#8220;1\u00e8re \u00e9p apr\u00e8s aci\u00e9rage&#8221;. Good margins.<\/p>\n","protected":false},"excerpt":{"rendered":"<p>Th\u00e9ophile Alexandre STEINLEN<br \/>\n1859 Lausanne + 1923 Paris<br \/>\ndrypoint<\/p>\n","protected":false},"featured_media":18663,"template":"","meta":{"_acf_changed":false,"_et_pb_use_builder":"","_et_pb_old_content":"","_et_gb_content_width":"","inline_featured_image":false},"product_brand":[],"product_cat":[3679,3672,3674],"product_tag":[],"pa_product_author":[],"class_list":{"0":"post-5176","1":"product","2":"type-product","3":"status-publish","4":"has-post-thumbnail","6":"product_cat-20th-century","7":"product_cat-prints","8":"product_cat-french-school","10":"first","11":"instock","12":"shipping-taxable","13":"purchasable","14":"product-type-simple"},"acf":[],"_links":{"self":[{"href":"https:\/\/galerie-seydoux.fr\/en\/wp-json\/wp\/v2\/product\/5176","targetHints":{"allow":["GET"]}}],"collection":[{"href":"https:\/\/galerie-seydoux.fr\/en\/wp-json\/wp\/v2\/product"}],"about":[{"href":"https:\/\/galerie-seydoux.fr\/en\/wp-json\/wp\/v2\/types\/product"}],"wp:featuredmedia":[{"embeddable":true,"href":"https:\/\/galerie-seydoux.fr\/en\/wp-json\/wp\/v2\/media\/18663"}],"wp:attachment":[{"href":"https:\/\/galerie-seydoux.fr\/en\/wp-json\/wp\/v2\/media?parent=5176"}],"wp:term":[{"taxonomy":"product_brand","embeddable":true,"href":"https:\/\/galerie-seydoux.fr\/en\/wp-json\/wp\/v2\/product_brand?post=5176"},{"taxonomy":"product_cat","embeddable":true,"href":"https:\/\/galerie-seydoux.fr\/en\/wp-json\/wp\/v2\/product_cat?post=5176"},{"taxonomy":"product_tag","embeddable":true,"href":"https:\/\/galerie-seydoux.fr\/en\/wp-json\/wp\/v2\/product_tag?post=5176"},{"taxonomy":"pa_product_author","embeddable":true,"href":"https:\/\/galerie-seydoux.fr\/en\/wp-json\/wp\/v2\/pa_product_author?post=5176"}],"curies":[{"name":"wp","href":"https:\/\/api.w.org\/{rel}","templated":true}]}}