{"id":4777,"date":"2018-04-03T15:00:01","date_gmt":"2018-04-03T13:00:01","guid":{"rendered":"https:\/\/xdbase.net\/galerie-seydoux\/?p=4777"},"modified":"2023-05-25T14:58:59","modified_gmt":"2023-05-25T12:58:59","slug":"charles-coleman-market-on-a-square-in-rome-1850","status":"publish","type":"product","link":"https:\/\/galerie-seydoux.fr\/en\/collections\/charles-coleman-market-on-a-square-in-rome-1850\/","title":{"rendered":"Charles COLEMAN &#8211; Market on a square in Rome, 1850"},"content":{"rendered":"<p>Very good impression&nbsp;sur chine appliqu\u00e9e sur v\u00e9lin. A few rare foxings and traces of creases; slightly salissures au verso. Grandes marges. Planche of the set &#8220;s\u00e9rie de sujets particuliers \u00e0 la campagne romaine et aux marches&#8221;, 1850<\/p>\n","protected":false},"excerpt":{"rendered":"<p>Charles COLEMAN<br \/>\nca 1807 Pon Te Fract + 1874 Rome<br \/>\nEtching<\/p>\n","protected":false},"featured_media":18643,"template":"","meta":{"_acf_changed":false,"_et_pb_use_builder":"","_et_pb_old_content":"","_et_gb_content_width":"","inline_featured_image":false},"product_brand":[],"product_cat":[3680,3672,3671],"product_tag":[],"pa_product_author":[],"class_list":{"0":"post-4777","1":"product","2":"type-product","3":"status-publish","4":"has-post-thumbnail","6":"product_cat-19th-century","7":"product_cat-prints","8":"product_cat-other-schools","10":"first","11":"instock","12":"shipping-taxable","13":"purchasable","14":"product-type-simple"},"acf":[],"_links":{"self":[{"href":"https:\/\/galerie-seydoux.fr\/en\/wp-json\/wp\/v2\/product\/4777","targetHints":{"allow":["GET"]}}],"collection":[{"href":"https:\/\/galerie-seydoux.fr\/en\/wp-json\/wp\/v2\/product"}],"about":[{"href":"https:\/\/galerie-seydoux.fr\/en\/wp-json\/wp\/v2\/types\/product"}],"wp:featuredmedia":[{"embeddable":true,"href":"https:\/\/galerie-seydoux.fr\/en\/wp-json\/wp\/v2\/media\/18643"}],"wp:attachment":[{"href":"https:\/\/galerie-seydoux.fr\/en\/wp-json\/wp\/v2\/media?parent=4777"}],"wp:term":[{"taxonomy":"product_brand","embeddable":true,"href":"https:\/\/galerie-seydoux.fr\/en\/wp-json\/wp\/v2\/product_brand?post=4777"},{"taxonomy":"product_cat","embeddable":true,"href":"https:\/\/galerie-seydoux.fr\/en\/wp-json\/wp\/v2\/product_cat?post=4777"},{"taxonomy":"product_tag","embeddable":true,"href":"https:\/\/galerie-seydoux.fr\/en\/wp-json\/wp\/v2\/product_tag?post=4777"},{"taxonomy":"pa_product_author","embeddable":true,"href":"https:\/\/galerie-seydoux.fr\/en\/wp-json\/wp\/v2\/pa_product_author?post=4777"}],"curies":[{"name":"wp","href":"https:\/\/api.w.org\/{rel}","templated":true}]}}