{"id":4346,"date":"2018-02-14T16:26:27","date_gmt":"2018-02-14T15:26:27","guid":{"rendered":"https:\/\/xdbase.net\/galerie-seydoux\/?p=4346"},"modified":"2025-10-03T17:28:49","modified_gmt":"2025-10-03T15:28:49","slug":"france-lhorloge-de-grande-eglise-de-saint-jean-a-lyon","status":"publish","type":"product","link":"https:\/\/galerie-seydoux.fr\/en\/collections\/france-lhorloge-de-grande-eglise-de-saint-jean-a-lyon\/","title":{"rendered":"France &#8211; L&#8217;horloge de la grande \u00e9glise de Saint Jean \u00e0 Lyon"},"content":{"rendered":"<p>Good impression. Few traces of creases, foxings and small marginal d\u00e9chirures. Trous de brochage on the left side. Good margins.<\/p>\n","protected":false},"excerpt":{"rendered":"<p>France<br \/>\nfin XVIIe or beginning XVIIIe si\u00e8cle<br \/>\nBurin<\/p>\n","protected":false},"featured_media":18609,"template":"","meta":{"_acf_changed":false,"_et_pb_use_builder":"","_et_pb_old_content":"","_et_gb_content_width":"","inline_featured_image":false},"product_brand":[],"product_cat":[3676,3672,3674],"product_tag":[],"pa_product_author":[],"class_list":{"0":"post-4346","1":"product","2":"type-product","3":"status-publish","4":"has-post-thumbnail","6":"product_cat-17th-century","7":"product_cat-prints","8":"product_cat-french-school","10":"first","11":"instock","12":"shipping-taxable","13":"purchasable","14":"product-type-simple"},"acf":[],"_links":{"self":[{"href":"https:\/\/galerie-seydoux.fr\/en\/wp-json\/wp\/v2\/product\/4346","targetHints":{"allow":["GET"]}}],"collection":[{"href":"https:\/\/galerie-seydoux.fr\/en\/wp-json\/wp\/v2\/product"}],"about":[{"href":"https:\/\/galerie-seydoux.fr\/en\/wp-json\/wp\/v2\/types\/product"}],"wp:featuredmedia":[{"embeddable":true,"href":"https:\/\/galerie-seydoux.fr\/en\/wp-json\/wp\/v2\/media\/18609"}],"wp:attachment":[{"href":"https:\/\/galerie-seydoux.fr\/en\/wp-json\/wp\/v2\/media?parent=4346"}],"wp:term":[{"taxonomy":"product_brand","embeddable":true,"href":"https:\/\/galerie-seydoux.fr\/en\/wp-json\/wp\/v2\/product_brand?post=4346"},{"taxonomy":"product_cat","embeddable":true,"href":"https:\/\/galerie-seydoux.fr\/en\/wp-json\/wp\/v2\/product_cat?post=4346"},{"taxonomy":"product_tag","embeddable":true,"href":"https:\/\/galerie-seydoux.fr\/en\/wp-json\/wp\/v2\/product_tag?post=4346"},{"taxonomy":"pa_product_author","embeddable":true,"href":"https:\/\/galerie-seydoux.fr\/en\/wp-json\/wp\/v2\/pa_product_author?post=4346"}],"curies":[{"name":"wp","href":"https:\/\/api.w.org\/{rel}","templated":true}]}}