{"id":4340,"date":"2018-02-14T16:05:52","date_gmt":"2018-02-14T15:05:52","guid":{"rendered":"https:\/\/xdbase.net\/galerie-seydoux\/?p=4340"},"modified":"2023-05-25T15:02:43","modified_gmt":"2023-05-25T13:02:43","slug":"daniel-rabel-suite-de-cartouches-1632","status":"publish","type":"product","link":"https:\/\/galerie-seydoux.fr\/en\/collections\/daniel-rabel-suite-de-cartouches-1632\/","title":{"rendered":"Daniel RABEL &#8211; Suite de cartouches, 1632"},"content":{"rendered":"<p>Cf. P. Fuhring n\u00b01040-1051. Cf V. Meyer, &#8220;Nouvelles de l&#8217;Estampe&#8221; n\u00b067. Quatre belles \u00e9preuves de la seconde \u00e9dition, l&#8217;adresse de Langlois succ\u00e9dant \u00e0 celle de M. Tavernier. Quelques traces de plis; petites taches et restes de papier au verso. Quatre planches d&#8217;une suite de douze plus un titre<\/p>\n","protected":false},"excerpt":{"rendered":"<p>Daniel RABEL<br \/>\nca 1578 Paris + 1637<br \/>\nEching<\/p>\n","protected":false},"featured_media":18603,"template":"","meta":{"_acf_changed":false,"_et_pb_use_builder":"","_et_pb_old_content":"","_et_gb_content_width":"","inline_featured_image":false},"product_brand":[],"product_cat":[3676,3672,3674],"product_tag":[],"pa_product_author":[],"class_list":{"0":"post-4340","1":"product","2":"type-product","3":"status-publish","4":"has-post-thumbnail","6":"product_cat-17th-century","7":"product_cat-prints","8":"product_cat-french-school","10":"first","11":"instock","12":"shipping-taxable","13":"purchasable","14":"product-type-simple"},"acf":[],"_links":{"self":[{"href":"https:\/\/galerie-seydoux.fr\/en\/wp-json\/wp\/v2\/product\/4340","targetHints":{"allow":["GET"]}}],"collection":[{"href":"https:\/\/galerie-seydoux.fr\/en\/wp-json\/wp\/v2\/product"}],"about":[{"href":"https:\/\/galerie-seydoux.fr\/en\/wp-json\/wp\/v2\/types\/product"}],"wp:featuredmedia":[{"embeddable":true,"href":"https:\/\/galerie-seydoux.fr\/en\/wp-json\/wp\/v2\/media\/18603"}],"wp:attachment":[{"href":"https:\/\/galerie-seydoux.fr\/en\/wp-json\/wp\/v2\/media?parent=4340"}],"wp:term":[{"taxonomy":"product_brand","embeddable":true,"href":"https:\/\/galerie-seydoux.fr\/en\/wp-json\/wp\/v2\/product_brand?post=4340"},{"taxonomy":"product_cat","embeddable":true,"href":"https:\/\/galerie-seydoux.fr\/en\/wp-json\/wp\/v2\/product_cat?post=4340"},{"taxonomy":"product_tag","embeddable":true,"href":"https:\/\/galerie-seydoux.fr\/en\/wp-json\/wp\/v2\/product_tag?post=4340"},{"taxonomy":"pa_product_author","embeddable":true,"href":"https:\/\/galerie-seydoux.fr\/en\/wp-json\/wp\/v2\/pa_product_author?post=4340"}],"curies":[{"name":"wp","href":"https:\/\/api.w.org\/{rel}","templated":true}]}}