{"id":3762,"date":"2017-12-05T15:00:00","date_gmt":"2017-12-05T14:00:00","guid":{"rendered":"https:\/\/xdbase.net\/galerie-seydoux\/?p=3762"},"modified":"2023-05-25T15:01:05","modified_gmt":"2023-05-25T13:01:05","slug":"jonas-suyderhoef-paysans-auvent-a-droite-dune-auberge","status":"publish","type":"product","link":"https:\/\/galerie-seydoux.fr\/en\/collections\/jonas-suyderhoef-paysans-auvent-a-droite-dune-auberge\/","title":{"rendered":"Jonas SUYDERHOEF &#8211; Paysans sous un auvent \u00e0 droite d&#8217;une auberge"},"content":{"rendered":"<p>Hollstein n\u00b025 (II\/V). Good impression of the 2nd state (of 5), avant l&#8217;adresse de C. de Jonghe puis celle de Scenk, coup\u00e9e \u00e0 la marque du cuivre. Coll\u00e9e dans les angles sup\u00e9rieurs. L\u00e9g\u00e8res traces de plis et de frottement, petites rousseurs visibles on reverse et restes de papier de montage.<\/p>\n","protected":false},"excerpt":{"rendered":"<p>Jonas SUYDERHOEF<br \/>\nca 1613 Haarlem + 1686 Haarlem<br \/>\nEngraving after A. Van Ostade<\/p>\n","protected":false},"featured_media":18583,"template":"","meta":{"_acf_changed":false,"_et_pb_use_builder":"","_et_pb_old_content":"","_et_gb_content_width":"","inline_featured_image":false},"product_brand":[],"product_cat":[3676,3672,3678],"product_tag":[],"pa_product_author":[],"class_list":{"0":"post-3762","1":"product","2":"type-product","3":"status-publish","4":"has-post-thumbnail","6":"product_cat-17th-century","7":"product_cat-prints","8":"product_cat-northern-school","10":"first","11":"instock","12":"shipping-taxable","13":"purchasable","14":"product-type-simple"},"acf":[],"_links":{"self":[{"href":"https:\/\/galerie-seydoux.fr\/en\/wp-json\/wp\/v2\/product\/3762","targetHints":{"allow":["GET"]}}],"collection":[{"href":"https:\/\/galerie-seydoux.fr\/en\/wp-json\/wp\/v2\/product"}],"about":[{"href":"https:\/\/galerie-seydoux.fr\/en\/wp-json\/wp\/v2\/types\/product"}],"wp:featuredmedia":[{"embeddable":true,"href":"https:\/\/galerie-seydoux.fr\/en\/wp-json\/wp\/v2\/media\/18583"}],"wp:attachment":[{"href":"https:\/\/galerie-seydoux.fr\/en\/wp-json\/wp\/v2\/media?parent=3762"}],"wp:term":[{"taxonomy":"product_brand","embeddable":true,"href":"https:\/\/galerie-seydoux.fr\/en\/wp-json\/wp\/v2\/product_brand?post=3762"},{"taxonomy":"product_cat","embeddable":true,"href":"https:\/\/galerie-seydoux.fr\/en\/wp-json\/wp\/v2\/product_cat?post=3762"},{"taxonomy":"product_tag","embeddable":true,"href":"https:\/\/galerie-seydoux.fr\/en\/wp-json\/wp\/v2\/product_tag?post=3762"},{"taxonomy":"pa_product_author","embeddable":true,"href":"https:\/\/galerie-seydoux.fr\/en\/wp-json\/wp\/v2\/pa_product_author?post=3762"}],"curies":[{"name":"wp","href":"https:\/\/api.w.org\/{rel}","templated":true}]}}