{"id":3619,"date":"2017-12-05T15:00:04","date_gmt":"2017-12-05T14:00:04","guid":{"rendered":"https:\/\/xdbase.net\/galerie-seydoux\/?p=3619"},"modified":"2023-05-25T14:42:02","modified_gmt":"2023-05-25T12:42:02","slug":"felix-bracquemond-gondola-1857","status":"publish","type":"product","link":"https:\/\/galerie-seydoux.fr\/en\/collections\/felix-bracquemond-gondola-1857\/","title":{"rendered":"F\u00e9lix BRACQUEMOND &#8211; Gondola, 1857"},"content":{"rendered":"<p>Original etched copperplate. Signed into the subject at lower left. Bouillon Af29. Probably made to illustrate romances for an &#8220;album franco-roumain, d\u00e9di\u00e9 \u00e0 Sa Majest\u00e9 l&#8217;Imp\u00e9ratrice Eug\u00e9nie&#8221;, who has eleven other prints. The impressions are very rare. With an impression (stains and accidents) of the final state.<\/p>\n","protected":false},"excerpt":{"rendered":"<p>F\u00e9lix BRACQUEMOND<br \/>\n1833 Paris &#8211; 1914 Paris<br \/>\nCopperplate<\/p>\n","protected":false},"featured_media":18363,"template":"","meta":{"_acf_changed":false,"_et_pb_use_builder":"","_et_pb_old_content":"","_et_gb_content_width":"","inline_featured_image":false},"product_brand":[],"product_cat":[3680,3672,3674],"product_tag":[],"pa_product_author":[444],"class_list":{"0":"post-3619","1":"product","2":"type-product","3":"status-publish","4":"has-post-thumbnail","6":"product_cat-19th-century","7":"product_cat-prints","8":"product_cat-french-school","9":"pa_product_author-felix-bracquemond","11":"first","12":"outofstock","13":"shipping-taxable","14":"product-type-simple"},"acf":[],"_links":{"self":[{"href":"https:\/\/galerie-seydoux.fr\/en\/wp-json\/wp\/v2\/product\/3619","targetHints":{"allow":["GET"]}}],"collection":[{"href":"https:\/\/galerie-seydoux.fr\/en\/wp-json\/wp\/v2\/product"}],"about":[{"href":"https:\/\/galerie-seydoux.fr\/en\/wp-json\/wp\/v2\/types\/product"}],"wp:featuredmedia":[{"embeddable":true,"href":"https:\/\/galerie-seydoux.fr\/en\/wp-json\/wp\/v2\/media\/18363"}],"wp:attachment":[{"href":"https:\/\/galerie-seydoux.fr\/en\/wp-json\/wp\/v2\/media?parent=3619"}],"wp:term":[{"taxonomy":"product_brand","embeddable":true,"href":"https:\/\/galerie-seydoux.fr\/en\/wp-json\/wp\/v2\/product_brand?post=3619"},{"taxonomy":"product_cat","embeddable":true,"href":"https:\/\/galerie-seydoux.fr\/en\/wp-json\/wp\/v2\/product_cat?post=3619"},{"taxonomy":"product_tag","embeddable":true,"href":"https:\/\/galerie-seydoux.fr\/en\/wp-json\/wp\/v2\/product_tag?post=3619"},{"taxonomy":"pa_product_author","embeddable":true,"href":"https:\/\/galerie-seydoux.fr\/en\/wp-json\/wp\/v2\/pa_product_author?post=3619"}],"curies":[{"name":"wp","href":"https:\/\/api.w.org\/{rel}","templated":true}]}}