{"id":2558,"date":"2010-06-06T17:01:25","date_gmt":"2010-06-06T15:01:25","guid":{"rendered":"https:\/\/xdbase.net\/galerie-seydoux\/jean-francois-janinet-portrait-de-marie-antoinette\/"},"modified":"2023-05-25T14:36:20","modified_gmt":"2023-05-25T12:36:20","slug":"jean-francois-janinet-portrait-de-marie-antoinette","status":"publish","type":"product","link":"https:\/\/galerie-seydoux.fr\/en\/collections\/jean-francois-janinet-portrait-de-marie-antoinette\/","title":{"rendered":"Jean-Fran\u00e7ois JANINET &#8211; Portrait of Marie-Antoinette"},"content":{"rendered":"<p>After J.-B.A. Gautier Dagoty.<\/p>\n<p>Very good impression, trimmed in the platemark, printed in colors at the location.<\/p>\n<p><em>Laid down on wove paper, two or three tiny skinned paper areas and a fine rubbing trace.<\/em><\/p>\n<p>Bibl. : I.F.F. 56 ; Cat. Regency to Empire 66.<\/p>\n<p>Ce magnifique portrait de la souveraine ag\u00e9e de 22 ans a \u00e9t\u00e9 imprim\u00e9 sur deux feuilles, le portrait en lui-m\u00eame d\u00e9coup\u00e9 \u00e0 l&#8217;ovale et coll\u00e9 sur une seconde feuille portant, elle, l&#8217;encadrement.<\/p>\n<p>Les \u00e9preuves avec l&#8217;encadrement imprim\u00e9 en bleu et or sont tr\u00e8s rares, car peu de temps apr\u00e8s la publication de ce portrait, l&#8217;utilisation de la feuille d&#8217;or dans l&#8217;estampe cessa. Il existe aussi des tirages sans la planche d&#8217;or, d&#8217;autres sans encadrement.<\/p>\n","protected":false},"excerpt":{"rendered":"<p>Jean-Fran\u00e7ois JANINET<br \/>\n1752 Paris + 1814 Paris<br \/>\nAquatint, etching and tools after Dagoty<\/p>\n","protected":false},"featured_media":18365,"template":"","meta":{"_acf_changed":false,"_et_pb_use_builder":"","_et_pb_old_content":"","_et_gb_content_width":"","inline_featured_image":false},"product_brand":[],"product_cat":[3673,3672,3674],"product_tag":[],"pa_product_author":[],"class_list":{"0":"post-2558","1":"product","2":"type-product","3":"status-publish","4":"has-post-thumbnail","6":"product_cat-18th-century","7":"product_cat-prints","8":"product_cat-french-school","10":"first","11":"outofstock","12":"shipping-taxable","13":"product-type-simple"},"acf":[],"_links":{"self":[{"href":"https:\/\/galerie-seydoux.fr\/en\/wp-json\/wp\/v2\/product\/2558","targetHints":{"allow":["GET"]}}],"collection":[{"href":"https:\/\/galerie-seydoux.fr\/en\/wp-json\/wp\/v2\/product"}],"about":[{"href":"https:\/\/galerie-seydoux.fr\/en\/wp-json\/wp\/v2\/types\/product"}],"wp:featuredmedia":[{"embeddable":true,"href":"https:\/\/galerie-seydoux.fr\/en\/wp-json\/wp\/v2\/media\/18365"}],"wp:attachment":[{"href":"https:\/\/galerie-seydoux.fr\/en\/wp-json\/wp\/v2\/media?parent=2558"}],"wp:term":[{"taxonomy":"product_brand","embeddable":true,"href":"https:\/\/galerie-seydoux.fr\/en\/wp-json\/wp\/v2\/product_brand?post=2558"},{"taxonomy":"product_cat","embeddable":true,"href":"https:\/\/galerie-seydoux.fr\/en\/wp-json\/wp\/v2\/product_cat?post=2558"},{"taxonomy":"product_tag","embeddable":true,"href":"https:\/\/galerie-seydoux.fr\/en\/wp-json\/wp\/v2\/product_tag?post=2558"},{"taxonomy":"pa_product_author","embeddable":true,"href":"https:\/\/galerie-seydoux.fr\/en\/wp-json\/wp\/v2\/pa_product_author?post=2558"}],"curies":[{"name":"wp","href":"https:\/\/api.w.org\/{rel}","templated":true}]}}