{"id":2551,"date":"2010-06-06T21:09:06","date_gmt":"2010-06-06T19:09:06","guid":{"rendered":"https:\/\/xdbase.net\/galerie-seydoux\/rembrandt-harmensz-van-rijn-portrait-de-jan-uytenbogaert\/"},"modified":"2024-11-27T16:24:06","modified_gmt":"2024-11-27T15:24:06","slug":"rembrandt-harmensz-van-rijn-portrait-de-jan-uytenbogaert","status":"publish","type":"product","link":"https:\/\/galerie-seydoux.fr\/en\/collections\/rembrandt-harmensz-van-rijn-portrait-de-jan-uytenbogaert\/","title":{"rendered":"REMBRANDT Harmensz van RIJN &#8211; Jan Uytenbogaert&#8217;s portrait"},"content":{"rendered":"<p>Good impression on laid paper of 5th state (of 6), before the new works by an other hand. Good margins. Edition of end of XVIIth century or beginning of XVIIIth century.<\/p>\n<p><em>Slight rehauts de lavis gris, notamment sur le poitrail. Feuillet l\u00e9g\u00e8rement jauni ; some foxings, small stains, notamment sur le livre ouvert and creases.<br \/>\n<\/em><br \/>\nBibl. : Bartsch 279 ; Hollstein 279 (V\/VI).<\/p>\n<p>Jan Uytenbogaert (1557 + 1644), un des chefs des &#8220;Remontrants&#8221;, courant th\u00e9ologique qui se d\u00e9marquait des pr\u00e9ceptes calvinistes, fut portraitur\u00e9 in 1633 by Rembrandt (le tableau est conserv\u00e9 au Rijksmuseum d&#8217;Amsterdam). Rembrandt r\u00e9alise ici \u00e0 29 ans son first portrait grav\u00e9 issu d&#8217;une commande officielle. Sous le portrait, un po\u00e8me d&#8217;Hugo Grotius, c\u00e9l\u00e8bre juriste and diplomate, ami de Uytenbogaert, en fait l&#8217;\u00e9loge, relatant les condamnations dont le c\u00e9l\u00e8bre pasteur fut l&#8217;objet : <em>&#8220;Sa personne, le peuple ne cessait de l&#8217;accabler de menaces et l&#8217;arm\u00e9e de la condamner ; ses doctrines, la cour, contrainte, les condamnait. Sans arr\u00eat malmen\u00e9 mais non pas bris\u00e9 par la r\u00e9pression, le voici qui revient, ton cher Uytenbogaert.&#8221;<\/em> La Haye.<\/p>\n","protected":false},"excerpt":{"rendered":"<p>1606 Leyde + 1669 Amsterdam<\/p>\n","protected":false},"featured_media":18375,"template":"","meta":{"_acf_changed":false,"_et_pb_use_builder":"","_et_pb_old_content":"","_et_gb_content_width":"","inline_featured_image":false},"product_brand":[],"product_cat":[3676,3672,3678],"product_tag":[],"pa_product_author":[],"class_list":{"0":"post-2551","1":"product","2":"type-product","3":"status-publish","4":"has-post-thumbnail","6":"product_cat-17th-century","7":"product_cat-prints","8":"product_cat-northern-school","10":"first","11":"instock","12":"shipping-taxable","13":"product-type-simple"},"acf":[],"_links":{"self":[{"href":"https:\/\/galerie-seydoux.fr\/en\/wp-json\/wp\/v2\/product\/2551","targetHints":{"allow":["GET"]}}],"collection":[{"href":"https:\/\/galerie-seydoux.fr\/en\/wp-json\/wp\/v2\/product"}],"about":[{"href":"https:\/\/galerie-seydoux.fr\/en\/wp-json\/wp\/v2\/types\/product"}],"wp:featuredmedia":[{"embeddable":true,"href":"https:\/\/galerie-seydoux.fr\/en\/wp-json\/wp\/v2\/media\/18375"}],"wp:attachment":[{"href":"https:\/\/galerie-seydoux.fr\/en\/wp-json\/wp\/v2\/media?parent=2551"}],"wp:term":[{"taxonomy":"product_brand","embeddable":true,"href":"https:\/\/galerie-seydoux.fr\/en\/wp-json\/wp\/v2\/product_brand?post=2551"},{"taxonomy":"product_cat","embeddable":true,"href":"https:\/\/galerie-seydoux.fr\/en\/wp-json\/wp\/v2\/product_cat?post=2551"},{"taxonomy":"product_tag","embeddable":true,"href":"https:\/\/galerie-seydoux.fr\/en\/wp-json\/wp\/v2\/product_tag?post=2551"},{"taxonomy":"pa_product_author","embeddable":true,"href":"https:\/\/galerie-seydoux.fr\/en\/wp-json\/wp\/v2\/pa_product_author?post=2551"}],"curies":[{"name":"wp","href":"https:\/\/api.w.org\/{rel}","templated":true}]}}