{"id":2546,"date":"2011-03-28T17:28:45","date_gmt":"2011-03-28T15:28:45","guid":{"rendered":"https:\/\/xdbase.net\/galerie-seydoux\/claude-mellan-la-parente-de-la-vierge\/"},"modified":"2023-05-25T15:02:42","modified_gmt":"2023-05-25T13:02:42","slug":"claude-mellan-la-parente-de-la-vierge","status":"publish","type":"product","link":"https:\/\/galerie-seydoux.fr\/en\/collections\/claude-mellan-la-parente-de-la-vierge\/","title":{"rendered":"Claude MELLAN &#8211; La Parent\u00e9 de la Vierge"},"content":{"rendered":"<p>Engraving. 430 x 315. Pr\u00e9aud nr 33 (II\/II). Good impression trimmed in the platemark, of 2nd and last state, with the date engraving. Marque de collection au stylo-bille on the back.<\/p>\n<p><em>D\u00e9chirure restaur\u00e9e dans l&#8217;angle inf\u00e9rieur gauche, two or three small tears restaur\u00e9es at top; creases.<\/em><\/p>\n","protected":false},"excerpt":{"rendered":"<p>Claude MELLAN<br \/>\n1598 Abbeville + 1688 Paris<br \/>\nEngraving<\/p>\n","protected":false},"featured_media":18389,"template":"","meta":{"_acf_changed":false,"_et_pb_use_builder":"","_et_pb_old_content":"","_et_gb_content_width":"","inline_featured_image":false},"product_brand":[],"product_cat":[3676,3672,3674],"product_tag":[],"pa_product_author":[],"class_list":{"0":"post-2546","1":"product","2":"type-product","3":"status-publish","4":"has-post-thumbnail","6":"product_cat-17th-century","7":"product_cat-prints","8":"product_cat-french-school","10":"first","11":"instock","12":"shipping-taxable","13":"purchasable","14":"product-type-simple"},"acf":[],"_links":{"self":[{"href":"https:\/\/galerie-seydoux.fr\/en\/wp-json\/wp\/v2\/product\/2546","targetHints":{"allow":["GET"]}}],"collection":[{"href":"https:\/\/galerie-seydoux.fr\/en\/wp-json\/wp\/v2\/product"}],"about":[{"href":"https:\/\/galerie-seydoux.fr\/en\/wp-json\/wp\/v2\/types\/product"}],"wp:featuredmedia":[{"embeddable":true,"href":"https:\/\/galerie-seydoux.fr\/en\/wp-json\/wp\/v2\/media\/18389"}],"wp:attachment":[{"href":"https:\/\/galerie-seydoux.fr\/en\/wp-json\/wp\/v2\/media?parent=2546"}],"wp:term":[{"taxonomy":"product_brand","embeddable":true,"href":"https:\/\/galerie-seydoux.fr\/en\/wp-json\/wp\/v2\/product_brand?post=2546"},{"taxonomy":"product_cat","embeddable":true,"href":"https:\/\/galerie-seydoux.fr\/en\/wp-json\/wp\/v2\/product_cat?post=2546"},{"taxonomy":"product_tag","embeddable":true,"href":"https:\/\/galerie-seydoux.fr\/en\/wp-json\/wp\/v2\/product_tag?post=2546"},{"taxonomy":"pa_product_author","embeddable":true,"href":"https:\/\/galerie-seydoux.fr\/en\/wp-json\/wp\/v2\/pa_product_author?post=2546"}],"curies":[{"name":"wp","href":"https:\/\/api.w.org\/{rel}","templated":true}]}}