{"id":2544,"date":"2011-03-28T18:47:05","date_gmt":"2011-03-28T16:47:05","guid":{"rendered":"https:\/\/xdbase.net\/galerie-seydoux\/eugene-delacroix-un-homme-darmes-du-temps-de-francois-ier-etude-de-femme-vue-de-dos\/"},"modified":"2026-02-18T18:01:54","modified_gmt":"2026-02-18T17:01:54","slug":"eugene-delacroix-un-homme-darmes-du-temps-de-francois-ier-etude-de-femme-vue-de-dos","status":"publish","type":"product","link":"https:\/\/galerie-seydoux.fr\/en\/collections\/eugene-delacroix-un-homme-darmes-du-temps-de-francois-ier-etude-de-femme-vue-de-dos\/","title":{"rendered":"Eug\u00e8ne DELACROIX &#8211; Un homme d&#8217;armes du temps de Fran\u00e7ois Ier &#8211; Etude de femme vue de dos"},"content":{"rendered":"<p>Etching. 109 x 68 and 112 x 163 [508 x 320]. Delteil-Strauber nr 17 (II\/IV) and 21 (IIIa\/V).<\/p>\n<p>Good impression on wove paper des deux sujets sur la m\u00eame feuille, of 2nd and 3rd state (of 4), ant\u00e9rieur \u00e0 l&#8217;\u00e9dition de la Veuve Fatout but post\u00e9rieur \u00e0 celle de Cadart.<\/p>\n<p>Wide margins.<\/p>\n<p><em>Trace de pli vertical \u00e0 gauche et une \u00e9pidermure sur la hanche de la femme.<\/em><\/p>\n","protected":false},"excerpt":{"rendered":"<p>Eug\u00e8ne DELACROIX<br \/>\n1798 Saint Maurice &#8211; 1863 Paris<br \/>\nEtching<\/p>\n","protected":false},"featured_media":18385,"template":"","meta":{"_acf_changed":false,"_et_pb_use_builder":"","_et_pb_old_content":"","_et_gb_content_width":"","inline_featured_image":false},"product_brand":[],"product_cat":[3680,3672,3674],"product_tag":[],"pa_product_author":[],"class_list":{"0":"post-2544","1":"product","2":"type-product","3":"status-publish","4":"has-post-thumbnail","6":"product_cat-19th-century","7":"product_cat-prints","8":"product_cat-french-school","10":"first","11":"instock","12":"shipping-taxable","13":"purchasable","14":"product-type-simple"},"acf":[],"_links":{"self":[{"href":"https:\/\/galerie-seydoux.fr\/en\/wp-json\/wp\/v2\/product\/2544","targetHints":{"allow":["GET"]}}],"collection":[{"href":"https:\/\/galerie-seydoux.fr\/en\/wp-json\/wp\/v2\/product"}],"about":[{"href":"https:\/\/galerie-seydoux.fr\/en\/wp-json\/wp\/v2\/types\/product"}],"wp:featuredmedia":[{"embeddable":true,"href":"https:\/\/galerie-seydoux.fr\/en\/wp-json\/wp\/v2\/media\/18385"}],"wp:attachment":[{"href":"https:\/\/galerie-seydoux.fr\/en\/wp-json\/wp\/v2\/media?parent=2544"}],"wp:term":[{"taxonomy":"product_brand","embeddable":true,"href":"https:\/\/galerie-seydoux.fr\/en\/wp-json\/wp\/v2\/product_brand?post=2544"},{"taxonomy":"product_cat","embeddable":true,"href":"https:\/\/galerie-seydoux.fr\/en\/wp-json\/wp\/v2\/product_cat?post=2544"},{"taxonomy":"product_tag","embeddable":true,"href":"https:\/\/galerie-seydoux.fr\/en\/wp-json\/wp\/v2\/product_tag?post=2544"},{"taxonomy":"pa_product_author","embeddable":true,"href":"https:\/\/galerie-seydoux.fr\/en\/wp-json\/wp\/v2\/pa_product_author?post=2544"}],"curies":[{"name":"wp","href":"https:\/\/api.w.org\/{rel}","templated":true}]}}