{"id":2535,"date":"2012-10-01T13:15:38","date_gmt":"2012-10-01T11:15:38","guid":{"rendered":"https:\/\/xdbase.net\/galerie-seydoux\/louis-marcel-myr-notre-dame-de-paris-vue-du-quai-de-montebello-ca-1930\/"},"modified":"2023-05-25T14:37:39","modified_gmt":"2023-05-25T12:37:39","slug":"louis-marcel-myr-notre-dame-de-paris-vue-du-quai-de-montebello-ca-1930","status":"publish","type":"product","link":"https:\/\/galerie-seydoux.fr\/en\/collections\/louis-marcel-myr-notre-dame-de-paris-vue-du-quai-de-montebello-ca-1930\/","title":{"rendered":"Louis-Marcel MYR &#8211; Notre-Dame de Paris vue du quai de Montebello, ca 1930"},"content":{"rendered":"<p>Tr\u00e8s belle \u00e9preuve sur v\u00e9lin, justifi\u00e9e et sign\u00e9e. Tirage \u00e0 60 \u00e9preuves. A toutes marges.<\/p>\n","protected":false},"excerpt":{"rendered":"<p>Louis-Marcel MYR<br \/>\n1893 Buxy + 1964<br \/>\nPointe s\u00e8che originale et aquatinte<\/p>\n","protected":false},"featured_media":18399,"template":"","meta":{"_acf_changed":false,"_et_pb_use_builder":"","_et_pb_old_content":"","_et_gb_content_width":"","inline_featured_image":false},"product_brand":[],"product_cat":[3679,3672,3674],"product_tag":[],"pa_product_author":[],"class_list":{"0":"post-2535","1":"product","2":"type-product","3":"status-publish","4":"has-post-thumbnail","6":"product_cat-20th-century","7":"product_cat-prints","8":"product_cat-french-school","10":"first","11":"outofstock","12":"shipping-taxable","13":"product-type-simple"},"acf":[],"_links":{"self":[{"href":"https:\/\/galerie-seydoux.fr\/en\/wp-json\/wp\/v2\/product\/2535","targetHints":{"allow":["GET"]}}],"collection":[{"href":"https:\/\/galerie-seydoux.fr\/en\/wp-json\/wp\/v2\/product"}],"about":[{"href":"https:\/\/galerie-seydoux.fr\/en\/wp-json\/wp\/v2\/types\/product"}],"wp:featuredmedia":[{"embeddable":true,"href":"https:\/\/galerie-seydoux.fr\/en\/wp-json\/wp\/v2\/media\/18399"}],"wp:attachment":[{"href":"https:\/\/galerie-seydoux.fr\/en\/wp-json\/wp\/v2\/media?parent=2535"}],"wp:term":[{"taxonomy":"product_brand","embeddable":true,"href":"https:\/\/galerie-seydoux.fr\/en\/wp-json\/wp\/v2\/product_brand?post=2535"},{"taxonomy":"product_cat","embeddable":true,"href":"https:\/\/galerie-seydoux.fr\/en\/wp-json\/wp\/v2\/product_cat?post=2535"},{"taxonomy":"product_tag","embeddable":true,"href":"https:\/\/galerie-seydoux.fr\/en\/wp-json\/wp\/v2\/product_tag?post=2535"},{"taxonomy":"pa_product_author","embeddable":true,"href":"https:\/\/galerie-seydoux.fr\/en\/wp-json\/wp\/v2\/pa_product_author?post=2535"}],"curies":[{"name":"wp","href":"https:\/\/api.w.org\/{rel}","templated":true}]}}