{"id":2534,"date":"2012-10-01T13:20:26","date_gmt":"2012-10-01T11:20:26","guid":{"rendered":"https:\/\/xdbase.net\/galerie-seydoux\/mily-possoz-sous-la-pluie-ca-1925-1930\/"},"modified":"2023-05-25T14:58:59","modified_gmt":"2023-05-25T12:58:59","slug":"mily-possoz-sous-la-pluie-ca-1925-1930-2","status":"publish","type":"product","link":"https:\/\/galerie-seydoux.fr\/en\/collections\/mily-possoz-sous-la-pluie-ca-1925-1930-2\/","title":{"rendered":"Mily POSSOZ &#8211; Sous la pluie, ca 1925 &#8211; 1930"},"content":{"rendered":"<p>Tr\u00e8s belle \u00e9preuve sur v\u00e9lin, sign\u00e9e et justifi\u00e9e. Tirage \u00e0 75 \u00e9preuves. A toutes marges. Timbre sec de l&#8217;\u00e9diteur M. Guiot.<\/p>\n","protected":false},"excerpt":{"rendered":"<p>Mily POSSOZ<br \/>\n1889 Lisbonne + 1967 Lisbonne<br \/>\nPointe s\u00e8che originale<\/p>\n","protected":false},"featured_media":18401,"template":"","meta":{"_acf_changed":false,"_et_pb_use_builder":"","_et_pb_old_content":"","_et_gb_content_width":"","inline_featured_image":false},"product_brand":[],"product_cat":[3679,3672,3671],"product_tag":[],"pa_product_author":[],"class_list":{"0":"post-2534","1":"product","2":"type-product","3":"status-publish","4":"has-post-thumbnail","6":"product_cat-20th-century","7":"product_cat-prints","8":"product_cat-other-schools","10":"first","11":"instock","12":"shipping-taxable","13":"purchasable","14":"product-type-simple"},"acf":[],"_links":{"self":[{"href":"https:\/\/galerie-seydoux.fr\/en\/wp-json\/wp\/v2\/product\/2534","targetHints":{"allow":["GET"]}}],"collection":[{"href":"https:\/\/galerie-seydoux.fr\/en\/wp-json\/wp\/v2\/product"}],"about":[{"href":"https:\/\/galerie-seydoux.fr\/en\/wp-json\/wp\/v2\/types\/product"}],"wp:featuredmedia":[{"embeddable":true,"href":"https:\/\/galerie-seydoux.fr\/en\/wp-json\/wp\/v2\/media\/18401"}],"wp:attachment":[{"href":"https:\/\/galerie-seydoux.fr\/en\/wp-json\/wp\/v2\/media?parent=2534"}],"wp:term":[{"taxonomy":"product_brand","embeddable":true,"href":"https:\/\/galerie-seydoux.fr\/en\/wp-json\/wp\/v2\/product_brand?post=2534"},{"taxonomy":"product_cat","embeddable":true,"href":"https:\/\/galerie-seydoux.fr\/en\/wp-json\/wp\/v2\/product_cat?post=2534"},{"taxonomy":"product_tag","embeddable":true,"href":"https:\/\/galerie-seydoux.fr\/en\/wp-json\/wp\/v2\/product_tag?post=2534"},{"taxonomy":"pa_product_author","embeddable":true,"href":"https:\/\/galerie-seydoux.fr\/en\/wp-json\/wp\/v2\/pa_product_author?post=2534"}],"curies":[{"name":"wp","href":"https:\/\/api.w.org\/{rel}","templated":true}]}}