{"id":2532,"date":"2012-10-01T13:36:47","date_gmt":"2012-10-01T11:36:47","guid":{"rendered":"https:\/\/xdbase.net\/galerie-seydoux\/jan-peeter-verdussen-scene-de-campement-militaire\/"},"modified":"2023-05-25T15:02:42","modified_gmt":"2023-05-25T13:02:42","slug":"jan-peeter-verdussen-scene-de-campement-militaire-2","status":"publish","type":"product","link":"https:\/\/galerie-seydoux.fr\/en\/collections\/jan-peeter-verdussen-scene-de-campement-militaire-2\/","title":{"rendered":"Jan Peeter VERDUSSEN &#8211; (Sc\u00e8ne de campement militaire)"},"content":{"rendered":"<p>Belle \u00e9preuve imprim\u00e9e en sanguine. Petites marges. Rare. Cette estampe semble in\u00e9dite.<\/p>\n<p><em>Petit trou, traces de plis visibles et restes de papier de montage au verso, petite tache.<\/em><\/p>\n","protected":false},"excerpt":{"rendered":"<p>Jan Peeter VERDUSSEN<br \/>\nca 1700 Anvers + 1763 Avignon<br \/>\nEau-forte originale<\/p>\n","protected":false},"featured_media":18405,"template":"","meta":{"_acf_changed":false,"_et_pb_use_builder":"","_et_pb_old_content":"","_et_gb_content_width":"","inline_featured_image":false},"product_brand":[],"product_cat":[3673,3672,3678],"product_tag":[],"pa_product_author":[],"class_list":{"0":"post-2532","1":"product","2":"type-product","3":"status-publish","4":"has-post-thumbnail","6":"product_cat-18th-century","7":"product_cat-prints","8":"product_cat-northern-school","10":"first","11":"instock","12":"shipping-taxable","13":"purchasable","14":"product-type-simple"},"acf":[],"_links":{"self":[{"href":"https:\/\/galerie-seydoux.fr\/en\/wp-json\/wp\/v2\/product\/2532","targetHints":{"allow":["GET"]}}],"collection":[{"href":"https:\/\/galerie-seydoux.fr\/en\/wp-json\/wp\/v2\/product"}],"about":[{"href":"https:\/\/galerie-seydoux.fr\/en\/wp-json\/wp\/v2\/types\/product"}],"wp:featuredmedia":[{"embeddable":true,"href":"https:\/\/galerie-seydoux.fr\/en\/wp-json\/wp\/v2\/media\/18405"}],"wp:attachment":[{"href":"https:\/\/galerie-seydoux.fr\/en\/wp-json\/wp\/v2\/media?parent=2532"}],"wp:term":[{"taxonomy":"product_brand","embeddable":true,"href":"https:\/\/galerie-seydoux.fr\/en\/wp-json\/wp\/v2\/product_brand?post=2532"},{"taxonomy":"product_cat","embeddable":true,"href":"https:\/\/galerie-seydoux.fr\/en\/wp-json\/wp\/v2\/product_cat?post=2532"},{"taxonomy":"product_tag","embeddable":true,"href":"https:\/\/galerie-seydoux.fr\/en\/wp-json\/wp\/v2\/product_tag?post=2532"},{"taxonomy":"pa_product_author","embeddable":true,"href":"https:\/\/galerie-seydoux.fr\/en\/wp-json\/wp\/v2\/pa_product_author?post=2532"}],"curies":[{"name":"wp","href":"https:\/\/api.w.org\/{rel}","templated":true}]}}