{"id":2530,"date":"2012-10-01T13:53:30","date_gmt":"2012-10-01T11:53:30","guid":{"rendered":"https:\/\/xdbase.net\/galerie-seydoux\/charles-melchior-descourtis-chute-de-la-tritt-ca-1780\/"},"modified":"2023-05-25T15:00:53","modified_gmt":"2023-05-25T13:00:53","slug":"charles-melchior-descourtis-chute-de-la-tritt-ca-1780-2","status":"publish","type":"product","link":"https:\/\/galerie-seydoux.fr\/en\/collections\/charles-melchior-descourtis-chute-de-la-tritt-ca-1780-2\/","title":{"rendered":"Charles-Melchior DESCOURTIS &#8211; Chute de la Tritt, ca 1780"},"content":{"rendered":"<p>Belle \u00e9preuve coup\u00e9e \u00e0 la marque du cuivre. Planche de la suite des &#8220;Vues remarquables des Montagnes de la Suisse&#8230;&#8221;.<\/p>\n<p><em>Courtes d\u00e9chirures sur les bords.<\/em><\/p>\n","protected":false},"excerpt":{"rendered":"<p>Charles-Melchior DESCOURTIS<br \/>\n1753 Paris + 1820 Paris<br \/>\nGravure aux outils imprim\u00e9e en couleurs au rep\u00e9rage d&#8217;apr\u00e8s Wolff<\/p>\n","protected":false},"featured_media":18409,"template":"","meta":{"_acf_changed":false,"_et_pb_use_builder":"","_et_pb_old_content":"","_et_gb_content_width":"","inline_featured_image":false},"product_brand":[],"product_cat":[3673,3672,3674],"product_tag":[],"pa_product_author":[],"class_list":{"0":"post-2530","1":"product","2":"type-product","3":"status-publish","4":"has-post-thumbnail","6":"product_cat-18th-century","7":"product_cat-prints","8":"product_cat-french-school","10":"first","11":"instock","12":"shipping-taxable","13":"purchasable","14":"product-type-simple"},"acf":[],"_links":{"self":[{"href":"https:\/\/galerie-seydoux.fr\/en\/wp-json\/wp\/v2\/product\/2530","targetHints":{"allow":["GET"]}}],"collection":[{"href":"https:\/\/galerie-seydoux.fr\/en\/wp-json\/wp\/v2\/product"}],"about":[{"href":"https:\/\/galerie-seydoux.fr\/en\/wp-json\/wp\/v2\/types\/product"}],"wp:featuredmedia":[{"embeddable":true,"href":"https:\/\/galerie-seydoux.fr\/en\/wp-json\/wp\/v2\/media\/18409"}],"wp:attachment":[{"href":"https:\/\/galerie-seydoux.fr\/en\/wp-json\/wp\/v2\/media?parent=2530"}],"wp:term":[{"taxonomy":"product_brand","embeddable":true,"href":"https:\/\/galerie-seydoux.fr\/en\/wp-json\/wp\/v2\/product_brand?post=2530"},{"taxonomy":"product_cat","embeddable":true,"href":"https:\/\/galerie-seydoux.fr\/en\/wp-json\/wp\/v2\/product_cat?post=2530"},{"taxonomy":"product_tag","embeddable":true,"href":"https:\/\/galerie-seydoux.fr\/en\/wp-json\/wp\/v2\/product_tag?post=2530"},{"taxonomy":"pa_product_author","embeddable":true,"href":"https:\/\/galerie-seydoux.fr\/en\/wp-json\/wp\/v2\/pa_product_author?post=2530"}],"curies":[{"name":"wp","href":"https:\/\/api.w.org\/{rel}","templated":true}]}}