{"id":2528,"date":"2012-10-01T14:03:11","date_gmt":"2012-10-01T12:03:11","guid":{"rendered":"https:\/\/xdbase.net\/galerie-seydoux\/jacques-callot-saint-amond\/"},"modified":"2023-05-25T15:02:48","modified_gmt":"2023-05-25T13:02:48","slug":"jacques-callot-saint-amond","status":"publish","type":"product","link":"https:\/\/galerie-seydoux.fr\/en\/collections\/jacques-callot-saint-amond\/","title":{"rendered":"Jacques CALLOT &#8211; Saint Amond"},"content":{"rendered":"<p>J. Lieure n\u00b0406 (IV ou V\/V). Belle \u00e9preuve probablement du 4\u00e8me \u00e9tat (sur 5), avant l&#8217;adresse d&#8217;I. Silvestre (?), la tablette inf\u00e9rieure rogn\u00e9e de 15 mm.<\/p>\n<p><em>En partie coll\u00e9e par les bords sur verg\u00e9 ancien, quelques rares rousseurs.<\/em><\/p>\n","protected":false},"excerpt":{"rendered":"<p>Jacques CALLOT<br \/>\n1592 Nancy + 1635 Nancy<br \/>\nEau-forte originale et burin<\/p>\n","protected":false},"featured_media":18391,"template":"","meta":{"_acf_changed":false,"_et_pb_use_builder":"","_et_pb_old_content":"","_et_gb_content_width":"","inline_featured_image":false},"product_brand":[],"product_cat":[3676,3672,3674],"product_tag":[],"pa_product_author":[],"class_list":{"0":"post-2528","1":"product","2":"type-product","3":"status-publish","4":"has-post-thumbnail","6":"product_cat-17th-century","7":"product_cat-prints","8":"product_cat-french-school","10":"first","11":"instock","12":"shipping-taxable","13":"purchasable","14":"product-type-simple"},"acf":[],"_links":{"self":[{"href":"https:\/\/galerie-seydoux.fr\/en\/wp-json\/wp\/v2\/product\/2528","targetHints":{"allow":["GET"]}}],"collection":[{"href":"https:\/\/galerie-seydoux.fr\/en\/wp-json\/wp\/v2\/product"}],"about":[{"href":"https:\/\/galerie-seydoux.fr\/en\/wp-json\/wp\/v2\/types\/product"}],"wp:featuredmedia":[{"embeddable":true,"href":"https:\/\/galerie-seydoux.fr\/en\/wp-json\/wp\/v2\/media\/18391"}],"wp:attachment":[{"href":"https:\/\/galerie-seydoux.fr\/en\/wp-json\/wp\/v2\/media?parent=2528"}],"wp:term":[{"taxonomy":"product_brand","embeddable":true,"href":"https:\/\/galerie-seydoux.fr\/en\/wp-json\/wp\/v2\/product_brand?post=2528"},{"taxonomy":"product_cat","embeddable":true,"href":"https:\/\/galerie-seydoux.fr\/en\/wp-json\/wp\/v2\/product_cat?post=2528"},{"taxonomy":"product_tag","embeddable":true,"href":"https:\/\/galerie-seydoux.fr\/en\/wp-json\/wp\/v2\/product_tag?post=2528"},{"taxonomy":"pa_product_author","embeddable":true,"href":"https:\/\/galerie-seydoux.fr\/en\/wp-json\/wp\/v2\/pa_product_author?post=2528"}],"curies":[{"name":"wp","href":"https:\/\/api.w.org\/{rel}","templated":true}]}}