{"id":2525,"date":"2012-10-01T14:25:29","date_gmt":"2012-10-01T12:25:29","guid":{"rendered":"https:\/\/xdbase.net\/galerie-seydoux\/joseph-vernet-le-retour-de-la-peche\/"},"modified":"2023-05-25T15:02:32","modified_gmt":"2023-05-25T13:02:32","slug":"joseph-vernet-le-retour-de-la-peche-2","status":"publish","type":"product","link":"https:\/\/galerie-seydoux.fr\/en\/collections\/joseph-vernet-le-retour-de-la-peche-2\/","title":{"rendered":"Joseph VERNET &#8211; Le retour de la p\u00eache"},"content":{"rendered":"<p>P. de Baudicour n\u00b02 (II\/II). Belle \u00e9preuve sur v\u00e9lin du 2\u00e8me et dernier \u00e9tat, avec les quelques traits \u00e9chapp\u00e9s. Petites marges. Tirage fin XVIII\u00e8me ou d\u00e9but XIX\u00e8me.<\/p>\n<p><em>Coup de planche en partie fractur\u00e9 sur les bords et petite tache au centre.<\/em><\/p>\n","protected":false},"excerpt":{"rendered":"<p>Joseph VERNET<br \/>\n1714 Avignon + 1789 Paris<br \/>\nEau-forte originale<\/p>\n","protected":false},"featured_media":18395,"template":"","meta":{"_acf_changed":false,"_et_pb_use_builder":"","_et_pb_old_content":"","_et_gb_content_width":"","inline_featured_image":false},"product_brand":[],"product_cat":[3673,3672,3674],"product_tag":[],"pa_product_author":[],"class_list":{"0":"post-2525","1":"product","2":"type-product","3":"status-publish","4":"has-post-thumbnail","6":"product_cat-18th-century","7":"product_cat-prints","8":"product_cat-french-school","10":"first","11":"instock","12":"shipping-taxable","13":"purchasable","14":"product-type-simple"},"acf":[],"_links":{"self":[{"href":"https:\/\/galerie-seydoux.fr\/en\/wp-json\/wp\/v2\/product\/2525","targetHints":{"allow":["GET"]}}],"collection":[{"href":"https:\/\/galerie-seydoux.fr\/en\/wp-json\/wp\/v2\/product"}],"about":[{"href":"https:\/\/galerie-seydoux.fr\/en\/wp-json\/wp\/v2\/types\/product"}],"wp:featuredmedia":[{"embeddable":true,"href":"https:\/\/galerie-seydoux.fr\/en\/wp-json\/wp\/v2\/media\/18395"}],"wp:attachment":[{"href":"https:\/\/galerie-seydoux.fr\/en\/wp-json\/wp\/v2\/media?parent=2525"}],"wp:term":[{"taxonomy":"product_brand","embeddable":true,"href":"https:\/\/galerie-seydoux.fr\/en\/wp-json\/wp\/v2\/product_brand?post=2525"},{"taxonomy":"product_cat","embeddable":true,"href":"https:\/\/galerie-seydoux.fr\/en\/wp-json\/wp\/v2\/product_cat?post=2525"},{"taxonomy":"product_tag","embeddable":true,"href":"https:\/\/galerie-seydoux.fr\/en\/wp-json\/wp\/v2\/product_tag?post=2525"},{"taxonomy":"pa_product_author","embeddable":true,"href":"https:\/\/galerie-seydoux.fr\/en\/wp-json\/wp\/v2\/pa_product_author?post=2525"}],"curies":[{"name":"wp","href":"https:\/\/api.w.org\/{rel}","templated":true}]}}