{"id":2524,"date":"2012-10-01T14:30:59","date_gmt":"2012-10-01T12:30:59","guid":{"rendered":"https:\/\/xdbase.net\/galerie-seydoux\/emile-malo-renault-mere-et-fille-1908\/"},"modified":"2024-09-04T17:32:28","modified_gmt":"2024-09-04T15:32:28","slug":"emile-malo-renault-mere-et-fille-1908-2","status":"publish","type":"product","link":"https:\/\/galerie-seydoux.fr\/en\/collections\/emile-malo-renault-mere-et-fille-1908-2\/","title":{"rendered":"Emile MALO-RENAULT &#8211; (M\u00e8re et fille), 1908 (?)"},"content":{"rendered":"<p>Pointe s\u00e8che originale et vernis mou. Tr\u00e8s belle \u00e9preuve sur verg\u00e9 imprim\u00e9e en couleurs au rep\u00e9rage. Belles marges.<\/p>\n","protected":false},"excerpt":{"rendered":"<p>Emile MALO-RENAULT<br \/>\n1870 Saint Malo + 1938 Le Havre<br \/>\nPointe s\u00e8che originale et vernis mou<\/p>\n","protected":false},"featured_media":18397,"template":"","meta":{"_acf_changed":false,"_et_pb_use_builder":"","_et_pb_old_content":"","_et_gb_content_width":"","inline_featured_image":false},"product_brand":[],"product_cat":[3679,3672,3674],"product_tag":[],"pa_product_author":[],"class_list":{"0":"post-2524","1":"product","2":"type-product","3":"status-publish","4":"has-post-thumbnail","6":"product_cat-20th-century","7":"product_cat-prints","8":"product_cat-french-school","10":"first","11":"instock","12":"shipping-taxable","13":"purchasable","14":"product-type-simple"},"acf":[],"_links":{"self":[{"href":"https:\/\/galerie-seydoux.fr\/en\/wp-json\/wp\/v2\/product\/2524","targetHints":{"allow":["GET"]}}],"collection":[{"href":"https:\/\/galerie-seydoux.fr\/en\/wp-json\/wp\/v2\/product"}],"about":[{"href":"https:\/\/galerie-seydoux.fr\/en\/wp-json\/wp\/v2\/types\/product"}],"wp:featuredmedia":[{"embeddable":true,"href":"https:\/\/galerie-seydoux.fr\/en\/wp-json\/wp\/v2\/media\/18397"}],"wp:attachment":[{"href":"https:\/\/galerie-seydoux.fr\/en\/wp-json\/wp\/v2\/media?parent=2524"}],"wp:term":[{"taxonomy":"product_brand","embeddable":true,"href":"https:\/\/galerie-seydoux.fr\/en\/wp-json\/wp\/v2\/product_brand?post=2524"},{"taxonomy":"product_cat","embeddable":true,"href":"https:\/\/galerie-seydoux.fr\/en\/wp-json\/wp\/v2\/product_cat?post=2524"},{"taxonomy":"product_tag","embeddable":true,"href":"https:\/\/galerie-seydoux.fr\/en\/wp-json\/wp\/v2\/product_tag?post=2524"},{"taxonomy":"pa_product_author","embeddable":true,"href":"https:\/\/galerie-seydoux.fr\/en\/wp-json\/wp\/v2\/pa_product_author?post=2524"}],"curies":[{"name":"wp","href":"https:\/\/api.w.org\/{rel}","templated":true}]}}