{"id":2523,"date":"2013-02-05T08:30:37","date_gmt":"2013-02-05T07:30:37","guid":{"rendered":"https:\/\/xdbase.net\/galerie-seydoux\/joseph-victor-roux-champion-carte-pour-lesthetique-moderne-ca-1920\/"},"modified":"2023-05-25T14:58:39","modified_gmt":"2023-05-25T12:58:39","slug":"joseph-victor-roux-champion-carte-pour-lesthetique-moderne-ca-1920","status":"publish","type":"product","link":"https:\/\/galerie-seydoux.fr\/en\/collections\/joseph-victor-roux-champion-carte-pour-lesthetique-moderne-ca-1920\/","title":{"rendered":"Joseph-Victor ROUX-CHAMPION &#8211; Carte pour l&#8217;Esth\u00e9tique Moderne, ca 1920"},"content":{"rendered":"<p>Joseph-Victor Roux-Champion,&nbsp;<\/p>\n<p>Tr\u00e8s belle \u00e9preuve sur v\u00e9lin mince imprim\u00e9e en couleurs.<\/p>\n<p><em>Petites marges.<\/em><\/p>\n","protected":false},"excerpt":{"rendered":"<p>Joseph-Victor ROUX-CHAMPION<br \/>\n1871 Chaumont + 1953 Vars<br \/>\nEau-forte originale et aquatinte.<\/p>\n","protected":false},"featured_media":18413,"template":"","meta":{"_acf_changed":false,"_et_pb_use_builder":"","_et_pb_old_content":"","_et_gb_content_width":"","inline_featured_image":false},"product_brand":[],"product_cat":[3679,3672,3674],"product_tag":[],"pa_product_author":[],"class_list":{"0":"post-2523","1":"product","2":"type-product","3":"status-publish","4":"has-post-thumbnail","6":"product_cat-20th-century","7":"product_cat-prints","8":"product_cat-french-school","10":"first","11":"instock","12":"shipping-taxable","13":"purchasable","14":"product-type-simple"},"acf":[],"_links":{"self":[{"href":"https:\/\/galerie-seydoux.fr\/en\/wp-json\/wp\/v2\/product\/2523","targetHints":{"allow":["GET"]}}],"collection":[{"href":"https:\/\/galerie-seydoux.fr\/en\/wp-json\/wp\/v2\/product"}],"about":[{"href":"https:\/\/galerie-seydoux.fr\/en\/wp-json\/wp\/v2\/types\/product"}],"wp:featuredmedia":[{"embeddable":true,"href":"https:\/\/galerie-seydoux.fr\/en\/wp-json\/wp\/v2\/media\/18413"}],"wp:attachment":[{"href":"https:\/\/galerie-seydoux.fr\/en\/wp-json\/wp\/v2\/media?parent=2523"}],"wp:term":[{"taxonomy":"product_brand","embeddable":true,"href":"https:\/\/galerie-seydoux.fr\/en\/wp-json\/wp\/v2\/product_brand?post=2523"},{"taxonomy":"product_cat","embeddable":true,"href":"https:\/\/galerie-seydoux.fr\/en\/wp-json\/wp\/v2\/product_cat?post=2523"},{"taxonomy":"product_tag","embeddable":true,"href":"https:\/\/galerie-seydoux.fr\/en\/wp-json\/wp\/v2\/product_tag?post=2523"},{"taxonomy":"pa_product_author","embeddable":true,"href":"https:\/\/galerie-seydoux.fr\/en\/wp-json\/wp\/v2\/pa_product_author?post=2523"}],"curies":[{"name":"wp","href":"https:\/\/api.w.org\/{rel}","templated":true}]}}