{"id":2522,"date":"2013-02-20T17:32:20","date_gmt":"2013-02-20T16:32:20","guid":{"rendered":"https:\/\/xdbase.net\/galerie-seydoux\/angleterre-xviiieme-siecle-vue-de-la-bourse-royal-sic-a-londres\/"},"modified":"2023-05-25T14:58:33","modified_gmt":"2023-05-25T12:58:33","slug":"angleterre-xviiieme-siecle-vue-de-la-bourse-royal-sic-a-londres-2","status":"publish","type":"product","link":"https:\/\/galerie-seydoux.fr\/en\/collections\/angleterre-xviiieme-siecle-vue-de-la-bourse-royal-sic-a-londres-2\/","title":{"rendered":"ANGLETERRE &#8211; XVIII\u00e8me si\u00e8cle &#8211; Vue de la Bourse Royal (sic) \u00e0 Londres"},"content":{"rendered":"<p>Belle \u00e9preuve sur verg\u00e9, en coloris d&#8217;\u00e9poque. Quelques taches. Bonnes marges.<\/p>\n","protected":false},"excerpt":{"rendered":"<p>ANGLETERRE &#8211; XVIII\u00e8me si\u00e8cle<\/p>\n<p>Eau-forte et burin<\/p>\n","protected":false},"featured_media":18415,"template":"","meta":{"_acf_changed":false,"_et_pb_use_builder":"","_et_pb_old_content":"","_et_gb_content_width":"","inline_featured_image":false},"product_brand":[],"product_cat":[3673,3672,3671],"product_tag":[],"pa_product_author":[],"class_list":{"0":"post-2522","1":"product","2":"type-product","3":"status-publish","4":"has-post-thumbnail","6":"product_cat-18th-century","7":"product_cat-prints","8":"product_cat-other-schools","10":"first","11":"instock","12":"shipping-taxable","13":"purchasable","14":"product-type-simple"},"acf":[],"_links":{"self":[{"href":"https:\/\/galerie-seydoux.fr\/en\/wp-json\/wp\/v2\/product\/2522","targetHints":{"allow":["GET"]}}],"collection":[{"href":"https:\/\/galerie-seydoux.fr\/en\/wp-json\/wp\/v2\/product"}],"about":[{"href":"https:\/\/galerie-seydoux.fr\/en\/wp-json\/wp\/v2\/types\/product"}],"wp:featuredmedia":[{"embeddable":true,"href":"https:\/\/galerie-seydoux.fr\/en\/wp-json\/wp\/v2\/media\/18415"}],"wp:attachment":[{"href":"https:\/\/galerie-seydoux.fr\/en\/wp-json\/wp\/v2\/media?parent=2522"}],"wp:term":[{"taxonomy":"product_brand","embeddable":true,"href":"https:\/\/galerie-seydoux.fr\/en\/wp-json\/wp\/v2\/product_brand?post=2522"},{"taxonomy":"product_cat","embeddable":true,"href":"https:\/\/galerie-seydoux.fr\/en\/wp-json\/wp\/v2\/product_cat?post=2522"},{"taxonomy":"product_tag","embeddable":true,"href":"https:\/\/galerie-seydoux.fr\/en\/wp-json\/wp\/v2\/product_tag?post=2522"},{"taxonomy":"pa_product_author","embeddable":true,"href":"https:\/\/galerie-seydoux.fr\/en\/wp-json\/wp\/v2\/pa_product_author?post=2522"}],"curies":[{"name":"wp","href":"https:\/\/api.w.org\/{rel}","templated":true}]}}