{"id":2521,"date":"2013-03-18T17:31:13","date_gmt":"2013-03-18T16:31:13","guid":{"rendered":"https:\/\/xdbase.net\/galerie-seydoux\/louis-legrand-paysage-breton\/"},"modified":"2023-05-25T15:00:53","modified_gmt":"2023-05-25T13:00:53","slug":"louis-legrand-paysage-breton-2","status":"publish","type":"product","link":"https:\/\/galerie-seydoux.fr\/en\/collections\/louis-legrand-paysage-breton-2\/","title":{"rendered":"Louis LEGRAND &#8211; Paysage breton"},"content":{"rendered":"<p>Arwas n\u00b0238. Tr\u00e8s belle \u00e9preuve sur v\u00e9lin fort imprim\u00e9e en couleurs, num\u00e9rot\u00e9e (le num\u00e9ro effac\u00e9). Petite \u00e9pidermure pr\u00e8s de la t\u00eate du cheval. Belles marges.<\/p>\n","protected":false},"excerpt":{"rendered":"<p>Louis LEGRAND<br \/>\n1863 Dijon + 1951 Livry-Gargan<br \/>\nEau-forte originale et aquatinte<\/p>\n","protected":false},"featured_media":18417,"template":"","meta":{"_acf_changed":false,"_et_pb_use_builder":"","_et_pb_old_content":"","_et_gb_content_width":"","inline_featured_image":false},"product_brand":[],"product_cat":[3679,3672,3674],"product_tag":[],"pa_product_author":[],"class_list":{"0":"post-2521","1":"product","2":"type-product","3":"status-publish","4":"has-post-thumbnail","6":"product_cat-20th-century","7":"product_cat-prints","8":"product_cat-french-school","10":"first","11":"instock","12":"shipping-taxable","13":"purchasable","14":"product-type-simple"},"acf":[],"_links":{"self":[{"href":"https:\/\/galerie-seydoux.fr\/en\/wp-json\/wp\/v2\/product\/2521","targetHints":{"allow":["GET"]}}],"collection":[{"href":"https:\/\/galerie-seydoux.fr\/en\/wp-json\/wp\/v2\/product"}],"about":[{"href":"https:\/\/galerie-seydoux.fr\/en\/wp-json\/wp\/v2\/types\/product"}],"wp:featuredmedia":[{"embeddable":true,"href":"https:\/\/galerie-seydoux.fr\/en\/wp-json\/wp\/v2\/media\/18417"}],"wp:attachment":[{"href":"https:\/\/galerie-seydoux.fr\/en\/wp-json\/wp\/v2\/media?parent=2521"}],"wp:term":[{"taxonomy":"product_brand","embeddable":true,"href":"https:\/\/galerie-seydoux.fr\/en\/wp-json\/wp\/v2\/product_brand?post=2521"},{"taxonomy":"product_cat","embeddable":true,"href":"https:\/\/galerie-seydoux.fr\/en\/wp-json\/wp\/v2\/product_cat?post=2521"},{"taxonomy":"product_tag","embeddable":true,"href":"https:\/\/galerie-seydoux.fr\/en\/wp-json\/wp\/v2\/product_tag?post=2521"},{"taxonomy":"pa_product_author","embeddable":true,"href":"https:\/\/galerie-seydoux.fr\/en\/wp-json\/wp\/v2\/pa_product_author?post=2521"}],"curies":[{"name":"wp","href":"https:\/\/api.w.org\/{rel}","templated":true}]}}