{"id":2513,"date":"2013-12-03T00:30:12","date_gmt":"2013-12-02T23:30:12","guid":{"rendered":"https:\/\/xdbase.net\/galerie-seydoux\/adriaen-van-der-cabel-paysage-pastoral\/"},"modified":"2023-05-25T15:00:42","modified_gmt":"2023-05-25T13:00:42","slug":"adriaen-van-der-cabel-paysage-pastoral-2","status":"publish","type":"product","link":"https:\/\/galerie-seydoux.fr\/en\/collections\/adriaen-van-der-cabel-paysage-pastoral-2\/","title":{"rendered":"Adriaen van der CABEL &#8211; (Paysage pastoral)"},"content":{"rendered":"<p>Tr\u00e8s belle \u00e9preuve coup\u00e9e \u00e0 la marque du cuivre, d&#8217;un \u00e9tat ind\u00e9termin\u00e9, avec l&#8217;adresse de Robert. Restes de papier de montage au verso. Prov. : Naudet et la date de 1785.    <\/p>\n","protected":false},"excerpt":{"rendered":"<p>Adriaen van der CABEL<br \/>\nca 1632 Ryswyck + 1705 Lyon<br \/>\nEau-forte originale<\/p>\n","protected":false},"featured_media":18425,"template":"","meta":{"_acf_changed":false,"_et_pb_use_builder":"","_et_pb_old_content":"","_et_gb_content_width":"","inline_featured_image":false},"product_brand":[],"product_cat":[3676,3672,3678],"product_tag":[],"pa_product_author":[],"class_list":{"0":"post-2513","1":"product","2":"type-product","3":"status-publish","4":"has-post-thumbnail","6":"product_cat-17th-century","7":"product_cat-prints","8":"product_cat-northern-school","10":"first","11":"instock","12":"shipping-taxable","13":"purchasable","14":"product-type-simple"},"acf":[],"_links":{"self":[{"href":"https:\/\/galerie-seydoux.fr\/en\/wp-json\/wp\/v2\/product\/2513","targetHints":{"allow":["GET"]}}],"collection":[{"href":"https:\/\/galerie-seydoux.fr\/en\/wp-json\/wp\/v2\/product"}],"about":[{"href":"https:\/\/galerie-seydoux.fr\/en\/wp-json\/wp\/v2\/types\/product"}],"wp:featuredmedia":[{"embeddable":true,"href":"https:\/\/galerie-seydoux.fr\/en\/wp-json\/wp\/v2\/media\/18425"}],"wp:attachment":[{"href":"https:\/\/galerie-seydoux.fr\/en\/wp-json\/wp\/v2\/media?parent=2513"}],"wp:term":[{"taxonomy":"product_brand","embeddable":true,"href":"https:\/\/galerie-seydoux.fr\/en\/wp-json\/wp\/v2\/product_brand?post=2513"},{"taxonomy":"product_cat","embeddable":true,"href":"https:\/\/galerie-seydoux.fr\/en\/wp-json\/wp\/v2\/product_cat?post=2513"},{"taxonomy":"product_tag","embeddable":true,"href":"https:\/\/galerie-seydoux.fr\/en\/wp-json\/wp\/v2\/product_tag?post=2513"},{"taxonomy":"pa_product_author","embeddable":true,"href":"https:\/\/galerie-seydoux.fr\/en\/wp-json\/wp\/v2\/pa_product_author?post=2513"}],"curies":[{"name":"wp","href":"https:\/\/api.w.org\/{rel}","templated":true}]}}