{"id":2512,"date":"2013-12-03T00:30:32","date_gmt":"2013-12-02T23:30:32","guid":{"rendered":"https:\/\/xdbase.net\/galerie-seydoux\/charles-maurin-le-maquillage-ca-1900\/"},"modified":"2023-05-25T15:02:38","modified_gmt":"2023-05-25T13:02:38","slug":"charles-maurin-le-maquillage-ca-1900-2","status":"publish","type":"product","link":"https:\/\/galerie-seydoux.fr\/en\/collections\/charles-maurin-le-maquillage-ca-1900-2\/","title":{"rendered":"Charles MAURIN &#8211; Le Maquillage, ca 1900"},"content":{"rendered":"<p>Belle \u00e9preuve sur verg\u00e9 imprim\u00e9e en couleurs, justifi\u00e9e et sign\u00e9e. Quelques petites rousseurs, notamment pr\u00e8s du miroir, petits d\u00e9fauts et oxydation du feuillet. Grandes marges. Cachet de l&#8217;\u00e9diteur C. Hess\u00e8le.    <\/p>\n","protected":false},"excerpt":{"rendered":"<p>Charles MAURIN<br \/>\n1856 Le Puy + 1914 Grasse<br \/>\nEau-forte originale et aquatinte<\/p>\n","protected":false},"featured_media":18423,"template":"","meta":{"_acf_changed":false,"_et_pb_use_builder":"","_et_pb_old_content":"","_et_gb_content_width":"","inline_featured_image":false},"product_brand":[],"product_cat":[3680,3672,3674],"product_tag":[],"pa_product_author":[],"class_list":{"0":"post-2512","1":"product","2":"type-product","3":"status-publish","4":"has-post-thumbnail","6":"product_cat-19th-century","7":"product_cat-prints","8":"product_cat-french-school","10":"first","11":"instock","12":"shipping-taxable","13":"purchasable","14":"product-type-simple"},"acf":[],"_links":{"self":[{"href":"https:\/\/galerie-seydoux.fr\/en\/wp-json\/wp\/v2\/product\/2512","targetHints":{"allow":["GET"]}}],"collection":[{"href":"https:\/\/galerie-seydoux.fr\/en\/wp-json\/wp\/v2\/product"}],"about":[{"href":"https:\/\/galerie-seydoux.fr\/en\/wp-json\/wp\/v2\/types\/product"}],"wp:featuredmedia":[{"embeddable":true,"href":"https:\/\/galerie-seydoux.fr\/en\/wp-json\/wp\/v2\/media\/18423"}],"wp:attachment":[{"href":"https:\/\/galerie-seydoux.fr\/en\/wp-json\/wp\/v2\/media?parent=2512"}],"wp:term":[{"taxonomy":"product_brand","embeddable":true,"href":"https:\/\/galerie-seydoux.fr\/en\/wp-json\/wp\/v2\/product_brand?post=2512"},{"taxonomy":"product_cat","embeddable":true,"href":"https:\/\/galerie-seydoux.fr\/en\/wp-json\/wp\/v2\/product_cat?post=2512"},{"taxonomy":"product_tag","embeddable":true,"href":"https:\/\/galerie-seydoux.fr\/en\/wp-json\/wp\/v2\/product_tag?post=2512"},{"taxonomy":"pa_product_author","embeddable":true,"href":"https:\/\/galerie-seydoux.fr\/en\/wp-json\/wp\/v2\/pa_product_author?post=2512"}],"curies":[{"name":"wp","href":"https:\/\/api.w.org\/{rel}","templated":true}]}}