{"id":2505,"date":"2014-12-02T11:12:22","date_gmt":"2014-12-02T10:12:22","guid":{"rendered":"https:\/\/xdbase.net\/galerie-seydoux\/alphonse-legros-sir-charles-holroyd\/"},"modified":"2023-05-25T15:00:53","modified_gmt":"2023-05-25T13:00:53","slug":"alphonse-legros-sir-charles-holroyd-2","status":"publish","type":"product","link":"https:\/\/galerie-seydoux.fr\/en\/collections\/alphonse-legros-sir-charles-holroyd-2\/","title":{"rendered":"Alphonse LEGROS &#8211; Sir Charles Holroyd"},"content":{"rendered":"<p>Malassis et Thibaudeau n\u00b0511 (III\/III). Tr\u00e8s belle \u00e9preuve sur verg\u00e9 de l&#8217;\u00e9tat d\u00e9finitif, le cuivre r\u00e9duit, sign\u00e9e. Belles marges. Ex coll. P. et V. Sanchez.<\/p>\n","protected":false},"excerpt":{"rendered":"<p>Alphonse LEGROS<br \/>\n1837 Dijon + 1911 Walford<br \/>\nEau-forte originale et pointe s\u00e8che<\/p>\n","protected":false},"featured_media":18435,"template":"","meta":{"_acf_changed":false,"_et_pb_use_builder":"","_et_pb_old_content":"","_et_gb_content_width":"","inline_featured_image":false},"product_brand":[],"product_cat":[3680,3672,3674],"product_tag":[],"pa_product_author":[],"class_list":{"0":"post-2505","1":"product","2":"type-product","3":"status-publish","4":"has-post-thumbnail","6":"product_cat-19th-century","7":"product_cat-prints","8":"product_cat-french-school","10":"first","11":"instock","12":"shipping-taxable","13":"purchasable","14":"product-type-simple"},"acf":[],"_links":{"self":[{"href":"https:\/\/galerie-seydoux.fr\/en\/wp-json\/wp\/v2\/product\/2505","targetHints":{"allow":["GET"]}}],"collection":[{"href":"https:\/\/galerie-seydoux.fr\/en\/wp-json\/wp\/v2\/product"}],"about":[{"href":"https:\/\/galerie-seydoux.fr\/en\/wp-json\/wp\/v2\/types\/product"}],"wp:featuredmedia":[{"embeddable":true,"href":"https:\/\/galerie-seydoux.fr\/en\/wp-json\/wp\/v2\/media\/18435"}],"wp:attachment":[{"href":"https:\/\/galerie-seydoux.fr\/en\/wp-json\/wp\/v2\/media?parent=2505"}],"wp:term":[{"taxonomy":"product_brand","embeddable":true,"href":"https:\/\/galerie-seydoux.fr\/en\/wp-json\/wp\/v2\/product_brand?post=2505"},{"taxonomy":"product_cat","embeddable":true,"href":"https:\/\/galerie-seydoux.fr\/en\/wp-json\/wp\/v2\/product_cat?post=2505"},{"taxonomy":"product_tag","embeddable":true,"href":"https:\/\/galerie-seydoux.fr\/en\/wp-json\/wp\/v2\/product_tag?post=2505"},{"taxonomy":"pa_product_author","embeddable":true,"href":"https:\/\/galerie-seydoux.fr\/en\/wp-json\/wp\/v2\/pa_product_author?post=2505"}],"curies":[{"name":"wp","href":"https:\/\/api.w.org\/{rel}","templated":true}]}}