{"id":2500,"date":"2015-07-07T15:00:26","date_gmt":"2015-07-07T13:00:26","guid":{"rendered":"https:\/\/xdbase.net\/galerie-seydoux\/michel-honore-bounieu-adam-et-eve-apres-leur-expulsion-du-paradis-terrestre-ca-1787\/"},"modified":"2023-05-25T14:41:07","modified_gmt":"2023-05-25T12:41:07","slug":"michel-honore-bounieu-adam-et-eve-apres-leur-expulsion-du-paradis-terrestre-ca-1787-2","status":"publish","type":"product","link":"https:\/\/galerie-seydoux.fr\/en\/collections\/michel-honore-bounieu-adam-et-eve-apres-leur-expulsion-du-paradis-terrestre-ca-1787-2\/","title":{"rendered":"Michel-Honor\u00e9 BOUNIEU &#8211; Adam et Eve apr\u00e8s leur expulsion du Paradis terrestre, ca 1787"},"content":{"rendered":"<p>P. de Baudicour n\u00b01 bis; I.F.F. n\u00b02. Tr\u00e8s belle \u00e9preuve de l&#8217;\u00e9tat unique, annot\u00e9e en bas \u00e0 gauche Bounieu pinx et scpt. Nombreuses mouillures et rousseurs,quelques \u00e9pidermures et traces de plis. Petites marges. Tr\u00e8s rare. La seule \u00e9preuve que P. de Baudicour avait vue \u00e9tait celle de la Biblioth\u00e8que Nationale.<\/p>\n","protected":false},"excerpt":{"rendered":"<p>Michel-Honor\u00e9 BOUNIEU<br \/>\n1740 Marseille + 1814 Paris<br \/>\nMani\u00e8re noire originale<\/p>\n","protected":false},"featured_media":18441,"template":"","meta":{"_acf_changed":false,"_et_pb_use_builder":"","_et_pb_old_content":"","_et_gb_content_width":"","inline_featured_image":false},"product_brand":[],"product_cat":[3673,3672,3674],"product_tag":[],"pa_product_author":[],"class_list":{"0":"post-2500","1":"product","2":"type-product","3":"status-publish","4":"has-post-thumbnail","6":"product_cat-18th-century","7":"product_cat-prints","8":"product_cat-french-school","10":"first","11":"instock","12":"shipping-taxable","13":"purchasable","14":"product-type-simple"},"acf":[],"_links":{"self":[{"href":"https:\/\/galerie-seydoux.fr\/en\/wp-json\/wp\/v2\/product\/2500","targetHints":{"allow":["GET"]}}],"collection":[{"href":"https:\/\/galerie-seydoux.fr\/en\/wp-json\/wp\/v2\/product"}],"about":[{"href":"https:\/\/galerie-seydoux.fr\/en\/wp-json\/wp\/v2\/types\/product"}],"wp:featuredmedia":[{"embeddable":true,"href":"https:\/\/galerie-seydoux.fr\/en\/wp-json\/wp\/v2\/media\/18441"}],"wp:attachment":[{"href":"https:\/\/galerie-seydoux.fr\/en\/wp-json\/wp\/v2\/media?parent=2500"}],"wp:term":[{"taxonomy":"product_brand","embeddable":true,"href":"https:\/\/galerie-seydoux.fr\/en\/wp-json\/wp\/v2\/product_brand?post=2500"},{"taxonomy":"product_cat","embeddable":true,"href":"https:\/\/galerie-seydoux.fr\/en\/wp-json\/wp\/v2\/product_cat?post=2500"},{"taxonomy":"product_tag","embeddable":true,"href":"https:\/\/galerie-seydoux.fr\/en\/wp-json\/wp\/v2\/product_tag?post=2500"},{"taxonomy":"pa_product_author","embeddable":true,"href":"https:\/\/galerie-seydoux.fr\/en\/wp-json\/wp\/v2\/pa_product_author?post=2500"}],"curies":[{"name":"wp","href":"https:\/\/api.w.org\/{rel}","templated":true}]}}