{"id":2499,"date":"2015-07-07T15:00:32","date_gmt":"2015-07-07T13:00:32","guid":{"rendered":"https:\/\/xdbase.net\/galerie-seydoux\/sigismond-himely-port-louis-a-lile-de-france-ca-1830\/"},"modified":"2023-05-25T14:58:58","modified_gmt":"2023-05-25T12:58:58","slug":"sigismond-himely-port-louis-a-lile-de-france-ca-1830-2","status":"publish","type":"product","link":"https:\/\/galerie-seydoux.fr\/en\/collections\/sigismond-himely-port-louis-a-lile-de-france-ca-1830-2\/","title":{"rendered":"Sigismond HIMELY &#8211; Port Louis \u00e0 l&#8217;Ile de France, ca 1830"},"content":{"rendered":"<p>I.F.F. non d\u00e9crit ? Belle \u00e9preuve sur chine appliqu\u00e9 sur v\u00e9lin. Traces de plis, empoussi\u00e9rage, quelques rousseurs et taches. Bonnes marges. Timbre sec : &#8220;La Favorite&#8221;.<\/p>\n","protected":false},"excerpt":{"rendered":"<p>Sigismond HIMELY<br \/>\n1801 Neuveville + 1872 Paris<br \/>\nAquatinte d&#8217;apr\u00e8s P\u00e2ris<\/p>\n","protected":false},"featured_media":18439,"template":"","meta":{"_acf_changed":false,"_et_pb_use_builder":"","_et_pb_old_content":"","_et_gb_content_width":"","inline_featured_image":false},"product_brand":[],"product_cat":[3680,3672,3671],"product_tag":[],"pa_product_author":[],"class_list":{"0":"post-2499","1":"product","2":"type-product","3":"status-publish","4":"has-post-thumbnail","6":"product_cat-19th-century","7":"product_cat-prints","8":"product_cat-other-schools","10":"first","11":"instock","12":"shipping-taxable","13":"purchasable","14":"product-type-simple"},"acf":[],"_links":{"self":[{"href":"https:\/\/galerie-seydoux.fr\/en\/wp-json\/wp\/v2\/product\/2499","targetHints":{"allow":["GET"]}}],"collection":[{"href":"https:\/\/galerie-seydoux.fr\/en\/wp-json\/wp\/v2\/product"}],"about":[{"href":"https:\/\/galerie-seydoux.fr\/en\/wp-json\/wp\/v2\/types\/product"}],"wp:featuredmedia":[{"embeddable":true,"href":"https:\/\/galerie-seydoux.fr\/en\/wp-json\/wp\/v2\/media\/18439"}],"wp:attachment":[{"href":"https:\/\/galerie-seydoux.fr\/en\/wp-json\/wp\/v2\/media?parent=2499"}],"wp:term":[{"taxonomy":"product_brand","embeddable":true,"href":"https:\/\/galerie-seydoux.fr\/en\/wp-json\/wp\/v2\/product_brand?post=2499"},{"taxonomy":"product_cat","embeddable":true,"href":"https:\/\/galerie-seydoux.fr\/en\/wp-json\/wp\/v2\/product_cat?post=2499"},{"taxonomy":"product_tag","embeddable":true,"href":"https:\/\/galerie-seydoux.fr\/en\/wp-json\/wp\/v2\/product_tag?post=2499"},{"taxonomy":"pa_product_author","embeddable":true,"href":"https:\/\/galerie-seydoux.fr\/en\/wp-json\/wp\/v2\/pa_product_author?post=2499"}],"curies":[{"name":"wp","href":"https:\/\/api.w.org\/{rel}","templated":true}]}}