{"id":2498,"date":"2015-07-07T15:00:41","date_gmt":"2015-07-07T13:00:41","guid":{"rendered":"https:\/\/xdbase.net\/galerie-seydoux\/cornelis-ketel-attribue-a-mascaron-orne-en-son-centre-de-la-nativite-ca-1580\/"},"modified":"2023-05-25T15:02:32","modified_gmt":"2023-05-25T13:02:32","slug":"cornelis-ketel-attribue-a-mascaron-orne-en-son-centre-de-la-nativite-ca-1580-2","status":"publish","type":"product","link":"https:\/\/galerie-seydoux.fr\/en\/collections\/cornelis-ketel-attribue-a-mascaron-orne-en-son-centre-de-la-nativite-ca-1580-2\/","title":{"rendered":"Cornelis KETEL (attribu\u00e9 \u00e0) &#8211; Mascaron orn\u00e9 en son centre de la Nativit\u00e9, ca 1580"},"content":{"rendered":"<p>Belle \u00e9preuve. Petite \u00e9pidermure en haut \u00e0 droite, deux petites d\u00e9chirures marginales et quelques taches. Rare. Cette estampe ne semble pas d\u00e9crite.<\/p>\n","protected":false},"excerpt":{"rendered":"<p>Cornelis KETEL (attribu\u00e9 \u00e0)<br \/>\n1548 Gouda + 1616 Oudekerk (pr\u00e8s d&#8217;Amsterdam)<br \/>\nBurin<\/p>\n","protected":false},"featured_media":18443,"template":"","meta":{"_acf_changed":false,"_et_pb_use_builder":"","_et_pb_old_content":"","_et_gb_content_width":"","inline_featured_image":false},"product_brand":[],"product_cat":[3670,3672,3678],"product_tag":[],"pa_product_author":[],"class_list":{"0":"post-2498","1":"product","2":"type-product","3":"status-publish","4":"has-post-thumbnail","6":"product_cat-16th-century","7":"product_cat-prints","8":"product_cat-northern-school","10":"first","11":"instock","12":"shipping-taxable","13":"purchasable","14":"product-type-simple"},"acf":[],"_links":{"self":[{"href":"https:\/\/galerie-seydoux.fr\/en\/wp-json\/wp\/v2\/product\/2498","targetHints":{"allow":["GET"]}}],"collection":[{"href":"https:\/\/galerie-seydoux.fr\/en\/wp-json\/wp\/v2\/product"}],"about":[{"href":"https:\/\/galerie-seydoux.fr\/en\/wp-json\/wp\/v2\/types\/product"}],"wp:featuredmedia":[{"embeddable":true,"href":"https:\/\/galerie-seydoux.fr\/en\/wp-json\/wp\/v2\/media\/18443"}],"wp:attachment":[{"href":"https:\/\/galerie-seydoux.fr\/en\/wp-json\/wp\/v2\/media?parent=2498"}],"wp:term":[{"taxonomy":"product_brand","embeddable":true,"href":"https:\/\/galerie-seydoux.fr\/en\/wp-json\/wp\/v2\/product_brand?post=2498"},{"taxonomy":"product_cat","embeddable":true,"href":"https:\/\/galerie-seydoux.fr\/en\/wp-json\/wp\/v2\/product_cat?post=2498"},{"taxonomy":"product_tag","embeddable":true,"href":"https:\/\/galerie-seydoux.fr\/en\/wp-json\/wp\/v2\/product_tag?post=2498"},{"taxonomy":"pa_product_author","embeddable":true,"href":"https:\/\/galerie-seydoux.fr\/en\/wp-json\/wp\/v2\/pa_product_author?post=2498"}],"curies":[{"name":"wp","href":"https:\/\/api.w.org\/{rel}","templated":true}]}}