{"id":2497,"date":"2015-10-05T23:42:16","date_gmt":"2015-10-05T21:42:16","guid":{"rendered":"https:\/\/xdbase.net\/galerie-seydoux\/antoine-coypel-democrite-1692\/"},"modified":"2023-05-25T15:00:59","modified_gmt":"2023-05-25T13:00:59","slug":"antoine-coypel-democrite-1692-2","status":"publish","type":"product","link":"https:\/\/galerie-seydoux.fr\/en\/collections\/antoine-coypel-democrite-1692-2\/","title":{"rendered":"Antoine COYPEL &#8211; D\u00e9mocrite, 1692"},"content":{"rendered":"<p>Eau-forte originale. 225 x 169. Robert-Dumesnil n\u00b012 (IV\/IV), N. Garnier n\u00b0154. Tr\u00e8s belle \u00e9preuve de l&#8217;\u00e9tat d\u00e9finitif, le dernier mot des vers corrig\u00e9. Quelques taches et rousseurs marginales, traces de frottement. Ex coll. Agassis (Lugt n\u00b069). Belles marges.<\/p>\n","protected":false},"excerpt":{"rendered":"<p>Antoine COYPEL<br \/>\n1661 Paris + 1722 Paris<br \/>\nEau-forte originale<\/p>\n","protected":false},"featured_media":18445,"template":"","meta":{"_acf_changed":false,"_et_pb_use_builder":"","_et_pb_old_content":"","_et_gb_content_width":"","inline_featured_image":false},"product_brand":[],"product_cat":[3676,3672,3674],"product_tag":[],"pa_product_author":[],"class_list":{"0":"post-2497","1":"product","2":"type-product","3":"status-publish","4":"has-post-thumbnail","6":"product_cat-17th-century","7":"product_cat-prints","8":"product_cat-french-school","10":"first","11":"instock","12":"shipping-taxable","13":"purchasable","14":"product-type-simple"},"acf":[],"_links":{"self":[{"href":"https:\/\/galerie-seydoux.fr\/en\/wp-json\/wp\/v2\/product\/2497","targetHints":{"allow":["GET"]}}],"collection":[{"href":"https:\/\/galerie-seydoux.fr\/en\/wp-json\/wp\/v2\/product"}],"about":[{"href":"https:\/\/galerie-seydoux.fr\/en\/wp-json\/wp\/v2\/types\/product"}],"wp:featuredmedia":[{"embeddable":true,"href":"https:\/\/galerie-seydoux.fr\/en\/wp-json\/wp\/v2\/media\/18445"}],"wp:attachment":[{"href":"https:\/\/galerie-seydoux.fr\/en\/wp-json\/wp\/v2\/media?parent=2497"}],"wp:term":[{"taxonomy":"product_brand","embeddable":true,"href":"https:\/\/galerie-seydoux.fr\/en\/wp-json\/wp\/v2\/product_brand?post=2497"},{"taxonomy":"product_cat","embeddable":true,"href":"https:\/\/galerie-seydoux.fr\/en\/wp-json\/wp\/v2\/product_cat?post=2497"},{"taxonomy":"product_tag","embeddable":true,"href":"https:\/\/galerie-seydoux.fr\/en\/wp-json\/wp\/v2\/product_tag?post=2497"},{"taxonomy":"pa_product_author","embeddable":true,"href":"https:\/\/galerie-seydoux.fr\/en\/wp-json\/wp\/v2\/pa_product_author?post=2497"}],"curies":[{"name":"wp","href":"https:\/\/api.w.org\/{rel}","templated":true}]}}