{"id":2490,"date":"2016-02-02T13:54:26","date_gmt":"2016-02-02T12:54:26","guid":{"rendered":"https:\/\/xdbase.net\/galerie-seydoux\/jacob-de-gheyn-ii-persee-delivrant-andromede-1588\/"},"modified":"2023-05-25T14:41:06","modified_gmt":"2023-05-25T12:41:06","slug":"jacob-de-gheyn-ii-persee-delivrant-andromede-1588-2","status":"publish","type":"product","link":"https:\/\/galerie-seydoux.fr\/en\/collections\/jacob-de-gheyn-ii-persee-delivrant-andromede-1588-2\/","title":{"rendered":"Jacob de GHEYN II &#8211; Pers\u00e9e d\u00e9livrant Androm\u00e8de 1588"},"content":{"rendered":"<p>New Hollstein n\u00b0144 (III\/III). Belle \u00e9preuve de l&#8217;\u00e9tat d\u00e9finitif, avec l&#8217;adresse de Robert de Baudous. Deux courtes d\u00e9chirures marginales \u00e0 droite, traces de plis. Petites marges.<\/p>\n","protected":false},"excerpt":{"rendered":"<p>Jacob de GHEYN II<br \/>\n1565 Anvers + 1629 La Haye<br \/>\nBurin d&#8217;apr\u00e8s K. van Mander<\/p>\n","protected":false},"featured_media":18455,"template":"","meta":{"_acf_changed":false,"_et_pb_use_builder":"","_et_pb_old_content":"","_et_gb_content_width":"","inline_featured_image":false},"product_brand":[],"product_cat":[3670,3672,3678],"product_tag":[],"pa_product_author":[],"class_list":{"0":"post-2490","1":"product","2":"type-product","3":"status-publish","4":"has-post-thumbnail","6":"product_cat-16th-century","7":"product_cat-prints","8":"product_cat-northern-school","10":"first","11":"instock","12":"shipping-taxable","13":"purchasable","14":"product-type-simple"},"acf":[],"_links":{"self":[{"href":"https:\/\/galerie-seydoux.fr\/en\/wp-json\/wp\/v2\/product\/2490","targetHints":{"allow":["GET"]}}],"collection":[{"href":"https:\/\/galerie-seydoux.fr\/en\/wp-json\/wp\/v2\/product"}],"about":[{"href":"https:\/\/galerie-seydoux.fr\/en\/wp-json\/wp\/v2\/types\/product"}],"wp:featuredmedia":[{"embeddable":true,"href":"https:\/\/galerie-seydoux.fr\/en\/wp-json\/wp\/v2\/media\/18455"}],"wp:attachment":[{"href":"https:\/\/galerie-seydoux.fr\/en\/wp-json\/wp\/v2\/media?parent=2490"}],"wp:term":[{"taxonomy":"product_brand","embeddable":true,"href":"https:\/\/galerie-seydoux.fr\/en\/wp-json\/wp\/v2\/product_brand?post=2490"},{"taxonomy":"product_cat","embeddable":true,"href":"https:\/\/galerie-seydoux.fr\/en\/wp-json\/wp\/v2\/product_cat?post=2490"},{"taxonomy":"product_tag","embeddable":true,"href":"https:\/\/galerie-seydoux.fr\/en\/wp-json\/wp\/v2\/product_tag?post=2490"},{"taxonomy":"pa_product_author","embeddable":true,"href":"https:\/\/galerie-seydoux.fr\/en\/wp-json\/wp\/v2\/pa_product_author?post=2490"}],"curies":[{"name":"wp","href":"https:\/\/api.w.org\/{rel}","templated":true}]}}