{"id":2489,"date":"2016-02-02T14:04:52","date_gmt":"2016-02-02T13:04:52","guid":{"rendered":"https:\/\/xdbase.net\/galerie-seydoux\/stanley-william-hayter-plongeon-1974\/"},"modified":"2025-10-07T16:07:47","modified_gmt":"2025-10-07T14:07:47","slug":"stanley-william-hayter-plongeon-1974-2","status":"publish","type":"product","link":"https:\/\/galerie-seydoux.fr\/en\/collections\/stanley-william-hayter-plongeon-1974-2\/","title":{"rendered":"Stanley-William HAYTER &#8211; Plongeon, 1974"},"content":{"rendered":"<p>Black et Moorhead n\u00b0374. Tr\u00e8s belle \u00e9preuve imprim\u00e9e en couleurs sur v\u00e9lin, justifi\u00e9e, titr\u00e9e, sign\u00e9e et dat\u00e9e. Tirage \u00e0 50 \u00e9preuves. Quelques tr\u00e8s l\u00e9g\u00e8res traces de plis. A toutes marges.<\/p>\n","protected":false},"excerpt":{"rendered":"<p>Stanley-William HAYTER<br \/>\n1901 Londres + 1988 Paris<br \/>\nBurin original et vernis mou<\/p>\n","protected":false},"featured_media":23557,"template":"","meta":{"_acf_changed":false,"_et_pb_use_builder":"","_et_pb_old_content":"","_et_gb_content_width":"","inline_featured_image":false},"product_brand":[],"product_cat":[3679,3672,3671],"product_tag":[],"pa_product_author":[],"class_list":{"0":"post-2489","1":"product","2":"type-product","3":"status-publish","4":"has-post-thumbnail","6":"product_cat-20th-century","7":"product_cat-prints","8":"product_cat-other-schools","10":"first","11":"instock","12":"shipping-taxable","13":"purchasable","14":"product-type-simple"},"acf":[],"_links":{"self":[{"href":"https:\/\/galerie-seydoux.fr\/en\/wp-json\/wp\/v2\/product\/2489","targetHints":{"allow":["GET"]}}],"collection":[{"href":"https:\/\/galerie-seydoux.fr\/en\/wp-json\/wp\/v2\/product"}],"about":[{"href":"https:\/\/galerie-seydoux.fr\/en\/wp-json\/wp\/v2\/types\/product"}],"wp:featuredmedia":[{"embeddable":true,"href":"https:\/\/galerie-seydoux.fr\/en\/wp-json\/wp\/v2\/media\/23557"}],"wp:attachment":[{"href":"https:\/\/galerie-seydoux.fr\/en\/wp-json\/wp\/v2\/media?parent=2489"}],"wp:term":[{"taxonomy":"product_brand","embeddable":true,"href":"https:\/\/galerie-seydoux.fr\/en\/wp-json\/wp\/v2\/product_brand?post=2489"},{"taxonomy":"product_cat","embeddable":true,"href":"https:\/\/galerie-seydoux.fr\/en\/wp-json\/wp\/v2\/product_cat?post=2489"},{"taxonomy":"product_tag","embeddable":true,"href":"https:\/\/galerie-seydoux.fr\/en\/wp-json\/wp\/v2\/product_tag?post=2489"},{"taxonomy":"pa_product_author","embeddable":true,"href":"https:\/\/galerie-seydoux.fr\/en\/wp-json\/wp\/v2\/pa_product_author?post=2489"}],"curies":[{"name":"wp","href":"https:\/\/api.w.org\/{rel}","templated":true}]}}