{"id":24822,"date":"2026-03-25T16:00:36","date_gmt":"2026-03-25T15:00:36","guid":{"rendered":"https:\/\/galerie-seydoux.fr\/?post_type=product&#038;p=24822"},"modified":"2026-03-19T16:15:17","modified_gmt":"2026-03-19T15:15:17","slug":"jean-frelaut-fin-de-journee-1932","status":"publish","type":"product","link":"https:\/\/galerie-seydoux.fr\/en\/collections\/jean-frelaut-fin-de-journee-1932\/","title":{"rendered":"Jean FR\u00c9LAUT &#8211; Fin de journ\u00e9e, 1932"},"content":{"rendered":"<p>D. Fr\u00e9laut nr 331 (XX\/XX). Very good impression on old laid paper, of the last state, d\u00e9dicated, signed, annotated and titled. Edition in this state of 50 impressions more some trials.<\/p>\n","protected":false},"excerpt":{"rendered":"<p>D. Fr\u00e9laut nr 331 (XX\/XX). Very good impression on old laid paper, of the last state, d\u00e9dicated, signed, annotated and titled. Edition in this state of 50 impressions more some trials.<\/p>\n","protected":false},"featured_media":24612,"template":"","meta":{"_acf_changed":false,"_et_pb_use_builder":"","_et_pb_old_content":"","_et_gb_content_width":"","inline_featured_image":false},"product_brand":[],"product_cat":[3679,3672,3674],"product_tag":[4194],"pa_product_author":[],"class_list":{"0":"post-24822","1":"product","2":"type-product","3":"status-publish","4":"has-post-thumbnail","6":"product_cat-20th-century","7":"product_cat-prints","8":"product_cat-french-school","9":"product_tag-new-acquisitions","11":"first","12":"instock","13":"shipping-taxable","14":"purchasable","15":"product-type-simple"},"acf":[],"_links":{"self":[{"href":"https:\/\/galerie-seydoux.fr\/en\/wp-json\/wp\/v2\/product\/24822","targetHints":{"allow":["GET"]}}],"collection":[{"href":"https:\/\/galerie-seydoux.fr\/en\/wp-json\/wp\/v2\/product"}],"about":[{"href":"https:\/\/galerie-seydoux.fr\/en\/wp-json\/wp\/v2\/types\/product"}],"wp:featuredmedia":[{"embeddable":true,"href":"https:\/\/galerie-seydoux.fr\/en\/wp-json\/wp\/v2\/media\/24612"}],"wp:attachment":[{"href":"https:\/\/galerie-seydoux.fr\/en\/wp-json\/wp\/v2\/media?parent=24822"}],"wp:term":[{"taxonomy":"product_brand","embeddable":true,"href":"https:\/\/galerie-seydoux.fr\/en\/wp-json\/wp\/v2\/product_brand?post=24822"},{"taxonomy":"product_cat","embeddable":true,"href":"https:\/\/galerie-seydoux.fr\/en\/wp-json\/wp\/v2\/product_cat?post=24822"},{"taxonomy":"product_tag","embeddable":true,"href":"https:\/\/galerie-seydoux.fr\/en\/wp-json\/wp\/v2\/product_tag?post=24822"},{"taxonomy":"pa_product_author","embeddable":true,"href":"https:\/\/galerie-seydoux.fr\/en\/wp-json\/wp\/v2\/pa_product_author?post=24822"}],"curies":[{"name":"wp","href":"https:\/\/api.w.org\/{rel}","templated":true}]}}