{"id":24809,"date":"2026-03-25T16:00:06","date_gmt":"2026-03-25T15:00:06","guid":{"rendered":"https:\/\/galerie-seydoux.fr\/?post_type=product&#038;p=24809"},"modified":"2026-03-18T18:15:46","modified_gmt":"2026-03-18T17:15:46","slug":"richard-ranft-flirt-aux-folies-bergeres-ca-1900","status":"publish","type":"product","link":"https:\/\/galerie-seydoux.fr\/en\/collections\/richard-ranft-flirt-aux-folies-bergeres-ca-1900\/","title":{"rendered":"Richard RANFT &#8211; Flirt aux Folies Berg\u00e8res, ca 1900"},"content":{"rendered":"<p>Very good impression on wove paper printed in colors, annotated &#8220;\u00c9preuve d&#8217;\u00e9tat tir\u00e9e par l&#8217;artiste&#8221; and signed. Editor C. Hess\u00e8le&#8217;s stamp (Lugt nr   ).<\/p>\n","protected":false},"excerpt":{"rendered":"<p>Very good impression on wove paper printed in colors, annotated &#8220;\u00c9preuve d&#8217;\u00e9tat tir\u00e9e par l&#8217;artiste&#8221; and signed. Editor C. Hess\u00e8le&#8217;s stamp (Lugt nr ).<\/p>\n","protected":false},"featured_media":24655,"template":"","meta":{"_acf_changed":false,"_et_pb_use_builder":"","_et_pb_old_content":"","_et_gb_content_width":"","inline_featured_image":false},"product_brand":[],"product_cat":[3680,3679,3672,3674],"product_tag":[4194],"pa_product_author":[],"class_list":{"0":"post-24809","1":"product","2":"type-product","3":"status-publish","4":"has-post-thumbnail","6":"product_cat-19th-century","7":"product_cat-20th-century","8":"product_cat-prints","9":"product_cat-french-school","10":"product_tag-new-acquisitions","12":"first","13":"instock","14":"shipping-taxable","15":"purchasable","16":"product-type-simple"},"acf":[],"_links":{"self":[{"href":"https:\/\/galerie-seydoux.fr\/en\/wp-json\/wp\/v2\/product\/24809","targetHints":{"allow":["GET"]}}],"collection":[{"href":"https:\/\/galerie-seydoux.fr\/en\/wp-json\/wp\/v2\/product"}],"about":[{"href":"https:\/\/galerie-seydoux.fr\/en\/wp-json\/wp\/v2\/types\/product"}],"wp:featuredmedia":[{"embeddable":true,"href":"https:\/\/galerie-seydoux.fr\/en\/wp-json\/wp\/v2\/media\/24655"}],"wp:attachment":[{"href":"https:\/\/galerie-seydoux.fr\/en\/wp-json\/wp\/v2\/media?parent=24809"}],"wp:term":[{"taxonomy":"product_brand","embeddable":true,"href":"https:\/\/galerie-seydoux.fr\/en\/wp-json\/wp\/v2\/product_brand?post=24809"},{"taxonomy":"product_cat","embeddable":true,"href":"https:\/\/galerie-seydoux.fr\/en\/wp-json\/wp\/v2\/product_cat?post=24809"},{"taxonomy":"product_tag","embeddable":true,"href":"https:\/\/galerie-seydoux.fr\/en\/wp-json\/wp\/v2\/product_tag?post=24809"},{"taxonomy":"pa_product_author","embeddable":true,"href":"https:\/\/galerie-seydoux.fr\/en\/wp-json\/wp\/v2\/pa_product_author?post=24809"}],"curies":[{"name":"wp","href":"https:\/\/api.w.org\/{rel}","templated":true}]}}