{"id":2480,"date":"2016-04-21T18:00:44","date_gmt":"2016-04-21T16:00:44","guid":{"rendered":"https:\/\/xdbase.net\/galerie-seydoux\/henri-mauperche-saint-jean-prechant-desert\/"},"modified":"2023-05-25T15:02:48","modified_gmt":"2023-05-25T13:02:48","slug":"henri-mauperche-saint-jean-prechant-desert-2","status":"publish","type":"product","link":"https:\/\/galerie-seydoux.fr\/en\/collections\/henri-mauperche-saint-jean-prechant-desert-2\/","title":{"rendered":"Henri MAUPERCHE &#8211; Saint Jean pr\u00eachant dans le d\u00e9sert"},"content":{"rendered":"<p>Robert-Dumesnil n\u00b024 (I\/II). Tr\u00e8s belle \u00e9preuve coup\u00e9e \u00e0 l&#8217;ext\u00e9rieur du trait carr\u00e9, du 1er \u00e9tat (sur 2), avant de nouveaux travaux par une main \u00e9trang\u00e8re. Contrecoll\u00e9e sur verg\u00e9 ancien. Cette estampe est ind\u00e9pendante et ne fait pas partie d&#8217;une suite.<\/p>\n","protected":false},"excerpt":{"rendered":"<p>Henri MAUPERCHE<br \/>\nca 1602 Paris ? + 1686 Paris<br \/>\nEau-forte originale<\/p>\n","protected":false},"featured_media":18461,"template":"","meta":{"_acf_changed":false,"_et_pb_use_builder":"","_et_pb_old_content":"","_et_gb_content_width":"","inline_featured_image":false},"product_brand":[],"product_cat":[3676,3672,3674],"product_tag":[],"pa_product_author":[],"class_list":{"0":"post-2480","1":"product","2":"type-product","3":"status-publish","4":"has-post-thumbnail","6":"product_cat-17th-century","7":"product_cat-prints","8":"product_cat-french-school","10":"first","11":"instock","12":"shipping-taxable","13":"purchasable","14":"product-type-simple"},"acf":[],"_links":{"self":[{"href":"https:\/\/galerie-seydoux.fr\/en\/wp-json\/wp\/v2\/product\/2480","targetHints":{"allow":["GET"]}}],"collection":[{"href":"https:\/\/galerie-seydoux.fr\/en\/wp-json\/wp\/v2\/product"}],"about":[{"href":"https:\/\/galerie-seydoux.fr\/en\/wp-json\/wp\/v2\/types\/product"}],"wp:featuredmedia":[{"embeddable":true,"href":"https:\/\/galerie-seydoux.fr\/en\/wp-json\/wp\/v2\/media\/18461"}],"wp:attachment":[{"href":"https:\/\/galerie-seydoux.fr\/en\/wp-json\/wp\/v2\/media?parent=2480"}],"wp:term":[{"taxonomy":"product_brand","embeddable":true,"href":"https:\/\/galerie-seydoux.fr\/en\/wp-json\/wp\/v2\/product_brand?post=2480"},{"taxonomy":"product_cat","embeddable":true,"href":"https:\/\/galerie-seydoux.fr\/en\/wp-json\/wp\/v2\/product_cat?post=2480"},{"taxonomy":"product_tag","embeddable":true,"href":"https:\/\/galerie-seydoux.fr\/en\/wp-json\/wp\/v2\/product_tag?post=2480"},{"taxonomy":"pa_product_author","embeddable":true,"href":"https:\/\/galerie-seydoux.fr\/en\/wp-json\/wp\/v2\/pa_product_author?post=2480"}],"curies":[{"name":"wp","href":"https:\/\/api.w.org\/{rel}","templated":true}]}}