{"id":2479,"date":"2016-04-21T18:00:46","date_gmt":"2016-04-21T16:00:46","guid":{"rendered":"https:\/\/xdbase.net\/galerie-seydoux\/willem-panneels-cursus-mundi-ca-1632\/"},"modified":"2025-10-03T17:25:53","modified_gmt":"2025-10-03T15:25:53","slug":"willem-panneels-cursus-mundi-ca-1632-2","status":"publish","type":"product","link":"https:\/\/galerie-seydoux.fr\/en\/collections\/willem-panneels-cursus-mundi-ca-1632-2\/","title":{"rendered":"Willem PANNEELS &#8211; Cursus Mundi, ca 1632"},"content":{"rendered":"<p>Hollstein n\u00b033 (II\/II). Tr\u00e8s belle \u00e9preuve du 2\u00e8me \u00e9tat (sur 2), avec l&#8217;adresse de l&#8217;\u00e9diteur. Petites rousseurs, surtout visibles dans la lettre et au verso, deux l\u00e9g\u00e8res traces de plis horizontales. Filets de marges. Ex coll. C. W. de Renesse-Breidbach (Lugt n\u00b01209).<\/p>\n","protected":false},"excerpt":{"rendered":"<p>Willem PANNEELS<br \/>\nca 1600 + actif apr\u00e8s 1632<br \/>\nEau-forte et burin d&#8217;apr\u00e8s Rubens<\/p>\n","protected":false},"featured_media":18463,"template":"","meta":{"_acf_changed":false,"_et_pb_use_builder":"","_et_pb_old_content":"","_et_gb_content_width":"","inline_featured_image":false},"product_brand":[],"product_cat":[3676,3672,3678],"product_tag":[],"pa_product_author":[],"class_list":{"0":"post-2479","1":"product","2":"type-product","3":"status-publish","4":"has-post-thumbnail","6":"product_cat-17th-century","7":"product_cat-prints","8":"product_cat-northern-school","10":"first","11":"instock","12":"shipping-taxable","13":"purchasable","14":"product-type-simple"},"acf":[],"_links":{"self":[{"href":"https:\/\/galerie-seydoux.fr\/en\/wp-json\/wp\/v2\/product\/2479","targetHints":{"allow":["GET"]}}],"collection":[{"href":"https:\/\/galerie-seydoux.fr\/en\/wp-json\/wp\/v2\/product"}],"about":[{"href":"https:\/\/galerie-seydoux.fr\/en\/wp-json\/wp\/v2\/types\/product"}],"wp:featuredmedia":[{"embeddable":true,"href":"https:\/\/galerie-seydoux.fr\/en\/wp-json\/wp\/v2\/media\/18463"}],"wp:attachment":[{"href":"https:\/\/galerie-seydoux.fr\/en\/wp-json\/wp\/v2\/media?parent=2479"}],"wp:term":[{"taxonomy":"product_brand","embeddable":true,"href":"https:\/\/galerie-seydoux.fr\/en\/wp-json\/wp\/v2\/product_brand?post=2479"},{"taxonomy":"product_cat","embeddable":true,"href":"https:\/\/galerie-seydoux.fr\/en\/wp-json\/wp\/v2\/product_cat?post=2479"},{"taxonomy":"product_tag","embeddable":true,"href":"https:\/\/galerie-seydoux.fr\/en\/wp-json\/wp\/v2\/product_tag?post=2479"},{"taxonomy":"pa_product_author","embeddable":true,"href":"https:\/\/galerie-seydoux.fr\/en\/wp-json\/wp\/v2\/pa_product_author?post=2479"}],"curies":[{"name":"wp","href":"https:\/\/api.w.org\/{rel}","templated":true}]}}