{"id":2478,"date":"2016-04-21T18:00:51","date_gmt":"2016-04-21T16:00:51","guid":{"rendered":"https:\/\/xdbase.net\/galerie-seydoux\/pierre-brebiette-allegorie-de-peinture-ca-1630\/"},"modified":"2023-05-25T15:02:48","modified_gmt":"2023-05-25T13:02:48","slug":"pierre-brebiette-allegorie-de-peinture-ca-1630-2","status":"publish","type":"product","link":"https:\/\/galerie-seydoux.fr\/en\/collections\/pierre-brebiette-allegorie-de-peinture-ca-1630-2\/","title":{"rendered":"Pierre BREBIETTE &#8211; All\u00e9gorie de la Peinture, ca 1630"},"content":{"rendered":"<p>I.F.F. n\u00b0166. Belle \u00e9preuve coup\u00e9e irr\u00e9guli\u00e8rement au cuivre, avec l&#8217;adresse de Leblond substitu\u00e9e \u00e0 celle d&#8217;A. Quesnel. Petits manques dans les angles de gauche, ainsi qu&#8217;en t\u00eate et en pied, restes de papier de montage et quelques amincissures. Premi\u00e8re planche d&#8217;une suite de quatre frises d\u00e9di\u00e9es aux Arts Lib\u00e9raux.<\/p>\n","protected":false},"excerpt":{"rendered":"<p>Pierre BREBIETTE<br \/>\n1598 ? Mandres ? + 1642<br \/>\noriginale<\/p>\n","protected":false},"featured_media":18457,"template":"","meta":{"_acf_changed":false,"_et_pb_use_builder":"","_et_pb_old_content":"","_et_gb_content_width":"","inline_featured_image":false},"product_brand":[],"product_cat":[3676,3672,3674],"product_tag":[],"pa_product_author":[],"class_list":{"0":"post-2478","1":"product","2":"type-product","3":"status-publish","4":"has-post-thumbnail","6":"product_cat-17th-century","7":"product_cat-prints","8":"product_cat-french-school","10":"first","11":"instock","12":"shipping-taxable","13":"purchasable","14":"product-type-simple"},"acf":[],"_links":{"self":[{"href":"https:\/\/galerie-seydoux.fr\/en\/wp-json\/wp\/v2\/product\/2478","targetHints":{"allow":["GET"]}}],"collection":[{"href":"https:\/\/galerie-seydoux.fr\/en\/wp-json\/wp\/v2\/product"}],"about":[{"href":"https:\/\/galerie-seydoux.fr\/en\/wp-json\/wp\/v2\/types\/product"}],"wp:featuredmedia":[{"embeddable":true,"href":"https:\/\/galerie-seydoux.fr\/en\/wp-json\/wp\/v2\/media\/18457"}],"wp:attachment":[{"href":"https:\/\/galerie-seydoux.fr\/en\/wp-json\/wp\/v2\/media?parent=2478"}],"wp:term":[{"taxonomy":"product_brand","embeddable":true,"href":"https:\/\/galerie-seydoux.fr\/en\/wp-json\/wp\/v2\/product_brand?post=2478"},{"taxonomy":"product_cat","embeddable":true,"href":"https:\/\/galerie-seydoux.fr\/en\/wp-json\/wp\/v2\/product_cat?post=2478"},{"taxonomy":"product_tag","embeddable":true,"href":"https:\/\/galerie-seydoux.fr\/en\/wp-json\/wp\/v2\/product_tag?post=2478"},{"taxonomy":"pa_product_author","embeddable":true,"href":"https:\/\/galerie-seydoux.fr\/en\/wp-json\/wp\/v2\/pa_product_author?post=2478"}],"curies":[{"name":"wp","href":"https:\/\/api.w.org\/{rel}","templated":true}]}}