{"id":24775,"date":"2026-03-25T16:00:13","date_gmt":"2026-03-25T15:00:13","guid":{"rendered":"https:\/\/galerie-seydoux.fr\/?post_type=product&#038;p=24775"},"modified":"2026-03-17T17:54:28","modified_gmt":"2026-03-17T16:54:28","slug":"basset-editor-in-paris-vue-perspective-dun-feu-dartifice-tire-devant-lhotel-de-ville-pour-la-publication-de-la-paix-a-paris-1763","status":"publish","type":"product","link":"https:\/\/galerie-seydoux.fr\/en\/collections\/basset-editor-in-paris-vue-perspective-dun-feu-dartifice-tire-devant-lhotel-de-ville-pour-la-publication-de-la-paix-a-paris-1763\/","title":{"rendered":"BASSET editor in Paris &#8211; Vue perspective d&#8217;un feu d&#8217;artifice tir\u00e9 devant l&#8217;H\u00f4tel de Ville pour la publication de la Paix \u00e0 Paris, 1763"},"content":{"rendered":"<p>Very good impression on laid paper in colors of the time. A few tiny creases and stains. Good margins. This is the Treaty of Paris wich ended the seven&#8217;s years war.<\/p>\n","protected":false},"excerpt":{"rendered":"<p>Very good impression on laid paper in colors of the time. A few tiny creases and stains. Good margins. This is the Treaty of Paris wich ended the seven&#8217;s years war.<\/p>\n","protected":false},"featured_media":24738,"template":"","meta":{"_acf_changed":false,"_et_pb_use_builder":"","_et_pb_old_content":"","_et_gb_content_width":"","inline_featured_image":false},"product_brand":[],"product_cat":[3673,3672,3674],"product_tag":[],"pa_product_author":[],"class_list":{"0":"post-24775","1":"product","2":"type-product","3":"status-publish","4":"has-post-thumbnail","6":"product_cat-18th-century","7":"product_cat-prints","8":"product_cat-french-school","10":"first","11":"instock","12":"shipping-taxable","13":"purchasable","14":"product-type-simple"},"acf":[],"_links":{"self":[{"href":"https:\/\/galerie-seydoux.fr\/en\/wp-json\/wp\/v2\/product\/24775","targetHints":{"allow":["GET"]}}],"collection":[{"href":"https:\/\/galerie-seydoux.fr\/en\/wp-json\/wp\/v2\/product"}],"about":[{"href":"https:\/\/galerie-seydoux.fr\/en\/wp-json\/wp\/v2\/types\/product"}],"wp:featuredmedia":[{"embeddable":true,"href":"https:\/\/galerie-seydoux.fr\/en\/wp-json\/wp\/v2\/media\/24738"}],"wp:attachment":[{"href":"https:\/\/galerie-seydoux.fr\/en\/wp-json\/wp\/v2\/media?parent=24775"}],"wp:term":[{"taxonomy":"product_brand","embeddable":true,"href":"https:\/\/galerie-seydoux.fr\/en\/wp-json\/wp\/v2\/product_brand?post=24775"},{"taxonomy":"product_cat","embeddable":true,"href":"https:\/\/galerie-seydoux.fr\/en\/wp-json\/wp\/v2\/product_cat?post=24775"},{"taxonomy":"product_tag","embeddable":true,"href":"https:\/\/galerie-seydoux.fr\/en\/wp-json\/wp\/v2\/product_tag?post=24775"},{"taxonomy":"pa_product_author","embeddable":true,"href":"https:\/\/galerie-seydoux.fr\/en\/wp-json\/wp\/v2\/pa_product_author?post=24775"}],"curies":[{"name":"wp","href":"https:\/\/api.w.org\/{rel}","templated":true}]}}