{"id":24770,"date":"2026-03-25T16:00:56","date_gmt":"2026-03-25T15:00:56","guid":{"rendered":"https:\/\/galerie-seydoux.fr\/?post_type=product&#038;p=24770"},"modified":"2026-03-26T15:46:32","modified_gmt":"2026-03-26T14:46:32","slug":"felix-buhot-le-chateau-des-hiboux-1885-ex-libris-de-leon-lerey-ca-1875","status":"publish","type":"product","link":"https:\/\/galerie-seydoux.fr\/en\/collections\/felix-buhot-le-chateau-des-hiboux-1885-ex-libris-de-leon-lerey-ca-1875\/","title":{"rendered":"F\u00e9lix BUHOT &#8211; Le Ch\u00e2teau des hiboux, 1885 &#8211; Ex-libris de L\u00e9on Lerey, ca 1875"},"content":{"rendered":"<p>Boucard and Goodfriend nr 168 (IV\/V) and 51. Very good impression on parchemin printed in two tons, black and sepia, of 4e state (of 5), before the (rayure du cuivre). Good margins. The right part of the platemark was engraved by Buhot ca 1875-1877, then the artist engraved the left side ten years later.<\/p>\n","protected":false},"excerpt":{"rendered":"<p>Boucard and Goodfriend nr 168 (IV\/V) and 51. Very good impression on parchemin printed in two tons, black and sepia, of 4e state (of 5), before the (rayure du cuivre). Good margins. The right part of the platemark was engraved by Buhot ca 1875-1877, then the artist engraved the left side ten years later.<\/p>\n","protected":false},"featured_media":24754,"template":"","meta":{"_acf_changed":false,"_et_pb_use_builder":"","_et_pb_old_content":"","_et_gb_content_width":"","inline_featured_image":false},"product_brand":[],"product_cat":[3680,3672,3674],"product_tag":[4194],"pa_product_author":[],"class_list":{"0":"post-24770","1":"product","2":"type-product","3":"status-publish","4":"has-post-thumbnail","6":"product_cat-19th-century","7":"product_cat-prints","8":"product_cat-french-school","9":"product_tag-new-acquisitions","11":"first","12":"outofstock","13":"shipping-taxable","14":"product-type-simple"},"acf":[],"_links":{"self":[{"href":"https:\/\/galerie-seydoux.fr\/en\/wp-json\/wp\/v2\/product\/24770","targetHints":{"allow":["GET"]}}],"collection":[{"href":"https:\/\/galerie-seydoux.fr\/en\/wp-json\/wp\/v2\/product"}],"about":[{"href":"https:\/\/galerie-seydoux.fr\/en\/wp-json\/wp\/v2\/types\/product"}],"wp:featuredmedia":[{"embeddable":true,"href":"https:\/\/galerie-seydoux.fr\/en\/wp-json\/wp\/v2\/media\/24754"}],"wp:attachment":[{"href":"https:\/\/galerie-seydoux.fr\/en\/wp-json\/wp\/v2\/media?parent=24770"}],"wp:term":[{"taxonomy":"product_brand","embeddable":true,"href":"https:\/\/galerie-seydoux.fr\/en\/wp-json\/wp\/v2\/product_brand?post=24770"},{"taxonomy":"product_cat","embeddable":true,"href":"https:\/\/galerie-seydoux.fr\/en\/wp-json\/wp\/v2\/product_cat?post=24770"},{"taxonomy":"product_tag","embeddable":true,"href":"https:\/\/galerie-seydoux.fr\/en\/wp-json\/wp\/v2\/product_tag?post=24770"},{"taxonomy":"pa_product_author","embeddable":true,"href":"https:\/\/galerie-seydoux.fr\/en\/wp-json\/wp\/v2\/pa_product_author?post=24770"}],"curies":[{"name":"wp","href":"https:\/\/api.w.org\/{rel}","templated":true}]}}