{"id":2476,"date":"2016-07-05T16:23:26","date_gmt":"2016-07-05T14:23:26","guid":{"rendered":"https:\/\/xdbase.net\/galerie-seydoux\/mathieu-plattemontagne-patineurs\/"},"modified":"2023-05-25T15:02:42","modified_gmt":"2023-05-25T13:02:42","slug":"mathieu-plattemontagne-patineurs-2","status":"publish","type":"product","link":"https:\/\/galerie-seydoux.fr\/en\/collections\/mathieu-plattemontagne-patineurs-2\/","title":{"rendered":"Mathieu PLATTEMONTAGNE &#8211; Les Patineurs"},"content":{"rendered":"<p>Robert-Dumesnil n\u00b06 (I\/III). Belle \u00e9preuve coup\u00e9e \u00e0 l&#8217;int\u00e9rieur du cuivre en t\u00eate et en pied, \u00e0 la marque du cuivre sur les c\u00f4t\u00e9s, du 1er \u00e9tat (sur 3), avec l&#8217;adresse de Morin. Sixi\u00e8me planche de la suite des Paysages de forme ronde. Trace de pli vertical m\u00e9dian, quelques petites rousseurs et traces de plis et petite inscription au stylo-bille au verso.<\/p>\n","protected":false},"excerpt":{"rendered":"<p>Mathieu PLATTEMONTAGNE<br \/>\nca 1608 Anvers + 1660 Paris<br \/>\nEau-forte originale<\/p>\n","protected":false},"featured_media":18469,"template":"","meta":{"_acf_changed":false,"_et_pb_use_builder":"","_et_pb_old_content":"","_et_gb_content_width":"","inline_featured_image":false},"product_brand":[],"product_cat":[3676,3672,3674],"product_tag":[],"pa_product_author":[],"class_list":{"0":"post-2476","1":"product","2":"type-product","3":"status-publish","4":"has-post-thumbnail","6":"product_cat-17th-century","7":"product_cat-prints","8":"product_cat-french-school","10":"first","11":"instock","12":"shipping-taxable","13":"purchasable","14":"product-type-simple"},"acf":[],"_links":{"self":[{"href":"https:\/\/galerie-seydoux.fr\/en\/wp-json\/wp\/v2\/product\/2476","targetHints":{"allow":["GET"]}}],"collection":[{"href":"https:\/\/galerie-seydoux.fr\/en\/wp-json\/wp\/v2\/product"}],"about":[{"href":"https:\/\/galerie-seydoux.fr\/en\/wp-json\/wp\/v2\/types\/product"}],"wp:featuredmedia":[{"embeddable":true,"href":"https:\/\/galerie-seydoux.fr\/en\/wp-json\/wp\/v2\/media\/18469"}],"wp:attachment":[{"href":"https:\/\/galerie-seydoux.fr\/en\/wp-json\/wp\/v2\/media?parent=2476"}],"wp:term":[{"taxonomy":"product_brand","embeddable":true,"href":"https:\/\/galerie-seydoux.fr\/en\/wp-json\/wp\/v2\/product_brand?post=2476"},{"taxonomy":"product_cat","embeddable":true,"href":"https:\/\/galerie-seydoux.fr\/en\/wp-json\/wp\/v2\/product_cat?post=2476"},{"taxonomy":"product_tag","embeddable":true,"href":"https:\/\/galerie-seydoux.fr\/en\/wp-json\/wp\/v2\/product_tag?post=2476"},{"taxonomy":"pa_product_author","embeddable":true,"href":"https:\/\/galerie-seydoux.fr\/en\/wp-json\/wp\/v2\/pa_product_author?post=2476"}],"curies":[{"name":"wp","href":"https:\/\/api.w.org\/{rel}","templated":true}]}}