{"id":2472,"date":"2016-07-05T16:47:49","date_gmt":"2016-07-05T14:47:49","guid":{"rendered":"https:\/\/xdbase.net\/galerie-seydoux\/francois-ferogio-lecon-dequitation\/"},"modified":"2023-05-25T15:02:42","modified_gmt":"2023-05-25T13:02:42","slug":"francois-ferogio-lecon-dequitation","status":"publish","type":"product","link":"https:\/\/galerie-seydoux.fr\/en\/collections\/francois-ferogio-lecon-dequitation\/","title":{"rendered":"Fran\u00e7ois FEROGIO &#8211; La le\u00e7on d&#8217;\u00e9quitation"},"content":{"rendered":"","protected":false},"excerpt":{"rendered":"<p>Fran\u00e7ois FEROGIO<br \/>\n1805 Marseille + 1888 Paris<br \/>\nAquarelle et gouache, sign\u00e9e en bas \u00e0 gauche<\/p>\n","protected":false},"featured_media":18363,"template":"","meta":{"_acf_changed":false,"_et_pb_use_builder":"","_et_pb_old_content":"","_et_gb_content_width":"","inline_featured_image":false},"product_brand":[],"product_cat":[3680,3681,3674],"product_tag":[],"pa_product_author":[1054],"class_list":{"0":"post-2472","1":"product","2":"type-product","3":"status-publish","4":"has-post-thumbnail","6":"product_cat-19th-century","7":"product_cat-drawings-en","8":"product_cat-french-school","9":"pa_product_author-francois-ferogio","11":"first","12":"instock","13":"shipping-taxable","14":"purchasable","15":"product-type-simple"},"acf":[],"_links":{"self":[{"href":"https:\/\/galerie-seydoux.fr\/en\/wp-json\/wp\/v2\/product\/2472","targetHints":{"allow":["GET"]}}],"collection":[{"href":"https:\/\/galerie-seydoux.fr\/en\/wp-json\/wp\/v2\/product"}],"about":[{"href":"https:\/\/galerie-seydoux.fr\/en\/wp-json\/wp\/v2\/types\/product"}],"wp:featuredmedia":[{"embeddable":true,"href":"https:\/\/galerie-seydoux.fr\/en\/wp-json\/wp\/v2\/media\/18363"}],"wp:attachment":[{"href":"https:\/\/galerie-seydoux.fr\/en\/wp-json\/wp\/v2\/media?parent=2472"}],"wp:term":[{"taxonomy":"product_brand","embeddable":true,"href":"https:\/\/galerie-seydoux.fr\/en\/wp-json\/wp\/v2\/product_brand?post=2472"},{"taxonomy":"product_cat","embeddable":true,"href":"https:\/\/galerie-seydoux.fr\/en\/wp-json\/wp\/v2\/product_cat?post=2472"},{"taxonomy":"product_tag","embeddable":true,"href":"https:\/\/galerie-seydoux.fr\/en\/wp-json\/wp\/v2\/product_tag?post=2472"},{"taxonomy":"pa_product_author","embeddable":true,"href":"https:\/\/galerie-seydoux.fr\/en\/wp-json\/wp\/v2\/pa_product_author?post=2472"}],"curies":[{"name":"wp","href":"https:\/\/api.w.org\/{rel}","templated":true}]}}