{"id":2462,"date":"2016-12-06T14:00:35","date_gmt":"2016-12-06T13:00:35","guid":{"rendered":"https:\/\/xdbase.net\/galerie-seydoux\/sebastien-vouillemont-lucrece-1638\/"},"modified":"2023-05-25T15:02:48","modified_gmt":"2023-05-25T13:02:48","slug":"sebastien-vouillemont-lucrece-1638-2","status":"publish","type":"product","link":"https:\/\/galerie-seydoux.fr\/en\/collections\/sebastien-vouillemont-lucrece-1638-2\/","title":{"rendered":"S\u00e9bastien VOUILLEMONT &#8211; Lucr\u00e8ce, 1638"},"content":{"rendered":"<p>Robert-Dumesnil n\u00b044 (II\/II). Superbe \u00e9preuve du 2\u00e8me \u00e9tat (sur 2), avec le mot Inv. grav\u00e9, la tablette blanche d&#8217;environ 10 mm rogn\u00e9e en pied. Quelques rares rousseurs et l\u00e9g\u00e8res traces de plis. Filets de marges sur trois c\u00f4t\u00e9s.<\/p>\n","protected":false},"excerpt":{"rendered":"<p>S\u00e9bastien VOUILLEMONT<br \/>\nca 1610 Bar sur Aube + ?<br \/>\nBurin d&#8217;apr\u00e8s G. Reni<\/p>\n","protected":false},"featured_media":18477,"template":"","meta":{"_acf_changed":false,"_et_pb_use_builder":"","_et_pb_old_content":"","_et_gb_content_width":"","inline_featured_image":false},"product_brand":[],"product_cat":[3676,3672,3674],"product_tag":[],"pa_product_author":[],"class_list":{"0":"post-2462","1":"product","2":"type-product","3":"status-publish","4":"has-post-thumbnail","6":"product_cat-17th-century","7":"product_cat-prints","8":"product_cat-french-school","10":"first","11":"instock","12":"shipping-taxable","13":"purchasable","14":"product-type-simple"},"acf":[],"_links":{"self":[{"href":"https:\/\/galerie-seydoux.fr\/en\/wp-json\/wp\/v2\/product\/2462","targetHints":{"allow":["GET"]}}],"collection":[{"href":"https:\/\/galerie-seydoux.fr\/en\/wp-json\/wp\/v2\/product"}],"about":[{"href":"https:\/\/galerie-seydoux.fr\/en\/wp-json\/wp\/v2\/types\/product"}],"wp:featuredmedia":[{"embeddable":true,"href":"https:\/\/galerie-seydoux.fr\/en\/wp-json\/wp\/v2\/media\/18477"}],"wp:attachment":[{"href":"https:\/\/galerie-seydoux.fr\/en\/wp-json\/wp\/v2\/media?parent=2462"}],"wp:term":[{"taxonomy":"product_brand","embeddable":true,"href":"https:\/\/galerie-seydoux.fr\/en\/wp-json\/wp\/v2\/product_brand?post=2462"},{"taxonomy":"product_cat","embeddable":true,"href":"https:\/\/galerie-seydoux.fr\/en\/wp-json\/wp\/v2\/product_cat?post=2462"},{"taxonomy":"product_tag","embeddable":true,"href":"https:\/\/galerie-seydoux.fr\/en\/wp-json\/wp\/v2\/product_tag?post=2462"},{"taxonomy":"pa_product_author","embeddable":true,"href":"https:\/\/galerie-seydoux.fr\/en\/wp-json\/wp\/v2\/pa_product_author?post=2462"}],"curies":[{"name":"wp","href":"https:\/\/api.w.org\/{rel}","templated":true}]}}