{"id":2459,"date":"2016-12-06T14:00:50","date_gmt":"2016-12-06T13:00:50","guid":{"rendered":"https:\/\/xdbase.net\/galerie-seydoux\/sebastien-bourdon-repos-de-sainte-famille-ca-1645\/"},"modified":"2023-05-25T15:01:05","modified_gmt":"2023-05-25T13:01:05","slug":"sebastien-bourdon-repos-de-sainte-famille-ca-1645-2","status":"publish","type":"product","link":"https:\/\/galerie-seydoux.fr\/en\/collections\/sebastien-bourdon-repos-de-sainte-famille-ca-1645-2\/","title":{"rendered":"S\u00e9bastien BOURDON &#8211; Le Repos de la Sainte Famille, ca 1645"},"content":{"rendered":"<p>R.-D. non d\u00e9crit; expo. Bourdon n\u00b0104. Tr\u00e8s belle \u00e9preuve de l&#8217;\u00e9tat unique, coup\u00e9e \u00e0 la marque du cuivre ou tr\u00e8s l\u00e9g\u00e8rement \u00e0 l&#8217;int\u00e9rieur de celle-ci \u00e0 droite. Petite d\u00e9chirure dans l&#8217;angle sup\u00e9rieur droit et quelques petites amincissures dans les angles.<\/p>\n","protected":false},"excerpt":{"rendered":"<p>S\u00e9bastien BOURDON<br \/>\n1616 Montpellier + 1671 Paris<br \/>\nEau-forte originale<\/p>\n","protected":false},"featured_media":18479,"template":"","meta":{"_acf_changed":false,"_et_pb_use_builder":"","_et_pb_old_content":"","_et_gb_content_width":"","inline_featured_image":false},"product_brand":[],"product_cat":[3676,3672,3674],"product_tag":[],"pa_product_author":[],"class_list":{"0":"post-2459","1":"product","2":"type-product","3":"status-publish","4":"has-post-thumbnail","6":"product_cat-17th-century","7":"product_cat-prints","8":"product_cat-french-school","10":"first","11":"instock","12":"shipping-taxable","13":"purchasable","14":"product-type-simple"},"acf":[],"_links":{"self":[{"href":"https:\/\/galerie-seydoux.fr\/en\/wp-json\/wp\/v2\/product\/2459","targetHints":{"allow":["GET"]}}],"collection":[{"href":"https:\/\/galerie-seydoux.fr\/en\/wp-json\/wp\/v2\/product"}],"about":[{"href":"https:\/\/galerie-seydoux.fr\/en\/wp-json\/wp\/v2\/types\/product"}],"wp:featuredmedia":[{"embeddable":true,"href":"https:\/\/galerie-seydoux.fr\/en\/wp-json\/wp\/v2\/media\/18479"}],"wp:attachment":[{"href":"https:\/\/galerie-seydoux.fr\/en\/wp-json\/wp\/v2\/media?parent=2459"}],"wp:term":[{"taxonomy":"product_brand","embeddable":true,"href":"https:\/\/galerie-seydoux.fr\/en\/wp-json\/wp\/v2\/product_brand?post=2459"},{"taxonomy":"product_cat","embeddable":true,"href":"https:\/\/galerie-seydoux.fr\/en\/wp-json\/wp\/v2\/product_cat?post=2459"},{"taxonomy":"product_tag","embeddable":true,"href":"https:\/\/galerie-seydoux.fr\/en\/wp-json\/wp\/v2\/product_tag?post=2459"},{"taxonomy":"pa_product_author","embeddable":true,"href":"https:\/\/galerie-seydoux.fr\/en\/wp-json\/wp\/v2\/pa_product_author?post=2459"}],"curies":[{"name":"wp","href":"https:\/\/api.w.org\/{rel}","templated":true}]}}