{"id":2457,"date":"2017-02-07T14:00:18","date_gmt":"2017-02-07T13:00:18","guid":{"rendered":"https:\/\/xdbase.net\/galerie-seydoux\/theophile-alexandre-steinlen-mur-federes-1894\/"},"modified":"2023-05-25T15:02:38","modified_gmt":"2023-05-25T13:02:38","slug":"theophile-alexandre-steinlen-mur-federes-1894-2","status":"publish","type":"product","link":"https:\/\/galerie-seydoux.fr\/en\/collections\/theophile-alexandre-steinlen-mur-federes-1894-2\/","title":{"rendered":"Th\u00e9ophile-Alexandre STEINLEN &#8211; Au mur des F\u00e9d\u00e9r\u00e9s, 1894"},"content":{"rendered":"<p>E. de Crauzat n\u00b0153. Tr\u00e8s belle \u00e9preuve sur v\u00e9lin, num\u00e9rot\u00e9e au crayon rouge. Tirage \u00e0 100 \u00e9preuves. Deux minuscules trous dans le sujet, quelques traces de plis de manipulation et quelques tr\u00e8s rares rousseurs. Grandes marges.<\/p>\n","protected":false},"excerpt":{"rendered":"<p>Th\u00e9ophile-Alexandre STEINLEN<br \/>\n1859 Lausanne + 1923 Paris<br \/>\nLithographie originale<\/p>\n","protected":false},"featured_media":18483,"template":"","meta":{"_acf_changed":false,"_et_pb_use_builder":"","_et_pb_old_content":"","_et_gb_content_width":"","inline_featured_image":false},"product_brand":[],"product_cat":[3680,3672,3674],"product_tag":[],"pa_product_author":[],"class_list":{"0":"post-2457","1":"product","2":"type-product","3":"status-publish","4":"has-post-thumbnail","6":"product_cat-19th-century","7":"product_cat-prints","8":"product_cat-french-school","10":"first","11":"instock","12":"shipping-taxable","13":"purchasable","14":"product-type-simple"},"acf":[],"_links":{"self":[{"href":"https:\/\/galerie-seydoux.fr\/en\/wp-json\/wp\/v2\/product\/2457","targetHints":{"allow":["GET"]}}],"collection":[{"href":"https:\/\/galerie-seydoux.fr\/en\/wp-json\/wp\/v2\/product"}],"about":[{"href":"https:\/\/galerie-seydoux.fr\/en\/wp-json\/wp\/v2\/types\/product"}],"wp:featuredmedia":[{"embeddable":true,"href":"https:\/\/galerie-seydoux.fr\/en\/wp-json\/wp\/v2\/media\/18483"}],"wp:attachment":[{"href":"https:\/\/galerie-seydoux.fr\/en\/wp-json\/wp\/v2\/media?parent=2457"}],"wp:term":[{"taxonomy":"product_brand","embeddable":true,"href":"https:\/\/galerie-seydoux.fr\/en\/wp-json\/wp\/v2\/product_brand?post=2457"},{"taxonomy":"product_cat","embeddable":true,"href":"https:\/\/galerie-seydoux.fr\/en\/wp-json\/wp\/v2\/product_cat?post=2457"},{"taxonomy":"product_tag","embeddable":true,"href":"https:\/\/galerie-seydoux.fr\/en\/wp-json\/wp\/v2\/product_tag?post=2457"},{"taxonomy":"pa_product_author","embeddable":true,"href":"https:\/\/galerie-seydoux.fr\/en\/wp-json\/wp\/v2\/pa_product_author?post=2457"}],"curies":[{"name":"wp","href":"https:\/\/api.w.org\/{rel}","templated":true}]}}