{"id":24490,"date":"2026-02-03T14:00:35","date_gmt":"2026-02-03T13:00:35","guid":{"rendered":"https:\/\/galerie-seydoux.fr\/?post_type=product&#038;p=24490"},"modified":"2026-03-19T15:05:36","modified_gmt":"2026-03-19T14:05:36","slug":"lucas-cranach-la-resurrection-1509","status":"publish","type":"product","link":"https:\/\/galerie-seydoux.fr\/en\/collections\/lucas-cranach-la-resurrection-1509\/","title":{"rendered":"Lucas CRANACH &#8211; La R\u00e9surrection, 1509"},"content":{"rendered":"<p>Hollstein nr 23. Good impression trimmed at the subject, d&#8217;un \u00e9dition ind\u00e9termin\u00e9e but very certainly of XVIth century. Angle sup\u00e9rieur gauche anciennement restaur\u00e9; small hole restaur\u00e9 pr\u00e8s du bord droit; six wormholes; rests of glue and of mounting paper  on the back; other smamll defects. Last plate to a set of quatorze illustrant la &#8220;Passion&#8221;.<\/p>\n","protected":false},"excerpt":{"rendered":"<p>Hollstein nr 23. Good impression trimmed at the subject, d&#8217;un \u00e9dition ind\u00e9termin\u00e9e but very certainly of XVIth century. Angle sup\u00e9rieur gauche anciennement restaur\u00e9; small hole restaur\u00e9 pr\u00e8s du bord droit; six wormholes; rests of glue and of mounting paper on the back; other smamll defects. Last plate to a set of quatorze illustrant la &#8220;Passion&#8221;.<\/p>\n","protected":false},"featured_media":24135,"template":"","meta":{"_acf_changed":false,"_et_pb_use_builder":"","_et_pb_old_content":"","_et_gb_content_width":"","inline_featured_image":false},"product_brand":[],"product_cat":[3670,3672,3677],"product_tag":[],"pa_product_author":[],"class_list":{"0":"post-24490","1":"product","2":"type-product","3":"status-publish","4":"has-post-thumbnail","6":"product_cat-16th-century","7":"product_cat-prints","8":"product_cat-german-school","10":"first","11":"instock","12":"shipping-taxable","13":"purchasable","14":"product-type-simple"},"acf":[],"_links":{"self":[{"href":"https:\/\/galerie-seydoux.fr\/en\/wp-json\/wp\/v2\/product\/24490","targetHints":{"allow":["GET"]}}],"collection":[{"href":"https:\/\/galerie-seydoux.fr\/en\/wp-json\/wp\/v2\/product"}],"about":[{"href":"https:\/\/galerie-seydoux.fr\/en\/wp-json\/wp\/v2\/types\/product"}],"wp:featuredmedia":[{"embeddable":true,"href":"https:\/\/galerie-seydoux.fr\/en\/wp-json\/wp\/v2\/media\/24135"}],"wp:attachment":[{"href":"https:\/\/galerie-seydoux.fr\/en\/wp-json\/wp\/v2\/media?parent=24490"}],"wp:term":[{"taxonomy":"product_brand","embeddable":true,"href":"https:\/\/galerie-seydoux.fr\/en\/wp-json\/wp\/v2\/product_brand?post=24490"},{"taxonomy":"product_cat","embeddable":true,"href":"https:\/\/galerie-seydoux.fr\/en\/wp-json\/wp\/v2\/product_cat?post=24490"},{"taxonomy":"product_tag","embeddable":true,"href":"https:\/\/galerie-seydoux.fr\/en\/wp-json\/wp\/v2\/product_tag?post=24490"},{"taxonomy":"pa_product_author","embeddable":true,"href":"https:\/\/galerie-seydoux.fr\/en\/wp-json\/wp\/v2\/pa_product_author?post=24490"}],"curies":[{"name":"wp","href":"https:\/\/api.w.org\/{rel}","templated":true}]}}