{"id":24478,"date":"2026-02-03T14:00:23","date_gmt":"2026-02-03T13:00:23","guid":{"rendered":"https:\/\/galerie-seydoux.fr\/?post_type=product&#038;p=24478"},"modified":"2026-03-19T15:10:06","modified_gmt":"2026-03-19T14:10:06","slug":"giovanni-battista-piranesi-lecole-antique-darchitecture-a-la-maniere-egyptienne-et-grecque","status":"publish","type":"product","link":"https:\/\/galerie-seydoux.fr\/en\/collections\/giovanni-battista-piranesi-lecole-antique-darchitecture-a-la-maniere-egyptienne-et-grecque\/","title":{"rendered":"Giovanni Battista PIRANESI &#8211; L&#8217;\u00c9cole antique d&#8217;architecture \u00e0 la mani\u00e8re \u00e9gyptienne et grecque"},"content":{"rendered":"<p>Wilton-Ely n\u00b049. Very good impression on laid paper. Good margins. Planche des diff\u00e9rents travaux d&#8217;architecture, perspectives, grotesques and antiquit\u00e9s. Watermark : fleur de lys encercl\u00e9e.<\/p>\n","protected":false},"excerpt":{"rendered":"<p>Wilton-Ely n\u00b049. Very good impression on laid paper. Good margins. Planche des diff\u00e9rents travaux d&#8217;architecture, perspectives, grotesques and antiquit\u00e9s. Watermark : fleur de lys encercl\u00e9e.<\/p>\n","protected":false},"featured_media":24375,"template":"","meta":{"_acf_changed":false,"_et_pb_use_builder":"","_et_pb_old_content":"","_et_gb_content_width":"","inline_featured_image":false},"product_brand":[],"product_cat":[3673,3672,3675],"product_tag":[],"pa_product_author":[],"class_list":{"0":"post-24478","1":"product","2":"type-product","3":"status-publish","4":"has-post-thumbnail","6":"product_cat-18th-century","7":"product_cat-prints","8":"product_cat-italian-school","10":"first","11":"outofstock","12":"shipping-taxable","13":"product-type-simple"},"acf":[],"_links":{"self":[{"href":"https:\/\/galerie-seydoux.fr\/en\/wp-json\/wp\/v2\/product\/24478","targetHints":{"allow":["GET"]}}],"collection":[{"href":"https:\/\/galerie-seydoux.fr\/en\/wp-json\/wp\/v2\/product"}],"about":[{"href":"https:\/\/galerie-seydoux.fr\/en\/wp-json\/wp\/v2\/types\/product"}],"wp:featuredmedia":[{"embeddable":true,"href":"https:\/\/galerie-seydoux.fr\/en\/wp-json\/wp\/v2\/media\/24375"}],"wp:attachment":[{"href":"https:\/\/galerie-seydoux.fr\/en\/wp-json\/wp\/v2\/media?parent=24478"}],"wp:term":[{"taxonomy":"product_brand","embeddable":true,"href":"https:\/\/galerie-seydoux.fr\/en\/wp-json\/wp\/v2\/product_brand?post=24478"},{"taxonomy":"product_cat","embeddable":true,"href":"https:\/\/galerie-seydoux.fr\/en\/wp-json\/wp\/v2\/product_cat?post=24478"},{"taxonomy":"product_tag","embeddable":true,"href":"https:\/\/galerie-seydoux.fr\/en\/wp-json\/wp\/v2\/product_tag?post=24478"},{"taxonomy":"pa_product_author","embeddable":true,"href":"https:\/\/galerie-seydoux.fr\/en\/wp-json\/wp\/v2\/pa_product_author?post=24478"}],"curies":[{"name":"wp","href":"https:\/\/api.w.org\/{rel}","templated":true}]}}