{"id":24469,"date":"2026-02-03T14:00:18","date_gmt":"2026-02-03T13:00:18","guid":{"rendered":"https:\/\/galerie-seydoux.fr\/?post_type=product&#038;p=24469"},"modified":"2026-03-19T15:09:31","modified_gmt":"2026-03-19T14:09:31","slug":"giovanni-b-castiglione-young-woman-with-a-turban-man-in-a-fur-hat-ca-1645-1650","status":"publish","type":"product","link":"https:\/\/galerie-seydoux.fr\/en\/collections\/giovanni-b-castiglione-young-woman-with-a-turban-man-in-a-fur-hat-ca-1645-1650\/","title":{"rendered":"Giovanni B. CASTIGLIONE &#8211; Young woman with a turban &#8211; man in a fur hat, ca 1645-1650"},"content":{"rendered":"<p>Bartsch Ill. nr 47 (II\/II) and 32. Very good impressions trimmed at the platemark, of the only state or of 2nd state (of 2). Some thin paper areas on the corners; rests of mounting paper on the back side and some small stains mostly visible on the back side. Plate for &#8220;Petites \u00e9tudes de t\u00eates \u00e0 l&#8217;orientale&#8221;.<\/p>\n","protected":false},"excerpt":{"rendered":"<p>Bartsch Ill. nr 47 (II\/II) and 32. Very good impressions trimmed at the platemark, of the only state or of 2nd state (of 2). Some thin paper areas on the corners; rests of mounting paper on the back side and some small stains mostly visible on the back side. Plate for &#8220;Petites \u00e9tudes de t\u00eates [&hellip;]<\/p>\n","protected":false},"featured_media":24191,"template":"","meta":{"_acf_changed":false,"_et_pb_use_builder":"","_et_pb_old_content":"","_et_gb_content_width":"","inline_featured_image":false},"product_brand":[],"product_cat":[3676,3672,3675],"product_tag":[],"pa_product_author":[],"class_list":{"0":"post-24469","1":"product","2":"type-product","3":"status-publish","4":"has-post-thumbnail","6":"product_cat-17th-century","7":"product_cat-prints","8":"product_cat-italian-school","10":"first","11":"instock","12":"shipping-taxable","13":"purchasable","14":"product-type-simple"},"acf":[],"_links":{"self":[{"href":"https:\/\/galerie-seydoux.fr\/en\/wp-json\/wp\/v2\/product\/24469","targetHints":{"allow":["GET"]}}],"collection":[{"href":"https:\/\/galerie-seydoux.fr\/en\/wp-json\/wp\/v2\/product"}],"about":[{"href":"https:\/\/galerie-seydoux.fr\/en\/wp-json\/wp\/v2\/types\/product"}],"wp:featuredmedia":[{"embeddable":true,"href":"https:\/\/galerie-seydoux.fr\/en\/wp-json\/wp\/v2\/media\/24191"}],"wp:attachment":[{"href":"https:\/\/galerie-seydoux.fr\/en\/wp-json\/wp\/v2\/media?parent=24469"}],"wp:term":[{"taxonomy":"product_brand","embeddable":true,"href":"https:\/\/galerie-seydoux.fr\/en\/wp-json\/wp\/v2\/product_brand?post=24469"},{"taxonomy":"product_cat","embeddable":true,"href":"https:\/\/galerie-seydoux.fr\/en\/wp-json\/wp\/v2\/product_cat?post=24469"},{"taxonomy":"product_tag","embeddable":true,"href":"https:\/\/galerie-seydoux.fr\/en\/wp-json\/wp\/v2\/product_tag?post=24469"},{"taxonomy":"pa_product_author","embeddable":true,"href":"https:\/\/galerie-seydoux.fr\/en\/wp-json\/wp\/v2\/pa_product_author?post=24469"}],"curies":[{"name":"wp","href":"https:\/\/api.w.org\/{rel}","templated":true}]}}