{"id":24464,"date":"2026-02-03T14:00:28","date_gmt":"2026-02-03T13:00:28","guid":{"rendered":"https:\/\/galerie-seydoux.fr\/?post_type=product&#038;p=24464"},"modified":"2026-03-19T15:07:51","modified_gmt":"2026-03-19T14:07:51","slug":"recueil-de-portraits-graves-du-xviie-siecle","status":"publish","type":"product","link":"https:\/\/galerie-seydoux.fr\/en\/collections\/recueil-de-portraits-graves-du-xviie-siecle\/","title":{"rendered":"Collection of engraved portraits of the XVIIth century"},"content":{"rendered":"<p>Collection of engraved portraits, titled &#8220;Le Cours des \u00c9ccl\u00e9siastiques&#8221;. Very high volume formed in the middle of the XVIIth century compresing about 331 glued portraits, mostly of religious persons, french and flemish, of the XVIth and XVIIth centuries. In folio, in brownish calf binding of the time (ca 1660). Some defects to the binding. We can notice names of engravers as : M. Lasne, M. Baes, Ragot, Couvay, Mellan, Daret, Bolswert,&#8230; A table and many inscriptions of the XVIIth century folow the prints (a drawn portrait with lavisch included). Provenance : biblioth\u00e8que Ferdinand Dubois de Fosseux (1742 Arras + 1817 Paris), maire d&#8217;Arras, homme de lettres et membre de soci\u00e9t\u00e9s savantes. He oned the h\u00f4tel Dubois de Fosseux in Arras, built in the midle of the XVIIIth century. Rare example of a volume with engraved portraits, established around 1660 in France.<\/p>\n","protected":false},"excerpt":{"rendered":"<p>Collection of engraved portraits, titled &#8220;Le Cours des \u00c9ccl\u00e9siastiques&#8221;. Very high volume formed in the middle of the XVIIth century compresing about 331 glued portraits, mostly of religious persons, french and flemish, of the XVIth and XVIIth centuries. In folio, in brownish calf binding of the time (ca 1660). Some defects to the binding. We [&hellip;]<\/p>\n","protected":false},"featured_media":24399,"template":"","meta":{"_acf_changed":false,"_et_pb_use_builder":"","_et_pb_old_content":"","_et_gb_content_width":"","inline_featured_image":false},"product_brand":[],"product_cat":[3670,3676,3672,3674,3678],"product_tag":[],"pa_product_author":[],"class_list":{"0":"post-24464","1":"product","2":"type-product","3":"status-publish","4":"has-post-thumbnail","6":"product_cat-16th-century","7":"product_cat-17th-century","8":"product_cat-prints","9":"product_cat-french-school","10":"product_cat-northern-school","12":"first","13":"instock","14":"shipping-taxable","15":"purchasable","16":"product-type-simple"},"acf":[],"_links":{"self":[{"href":"https:\/\/galerie-seydoux.fr\/en\/wp-json\/wp\/v2\/product\/24464","targetHints":{"allow":["GET"]}}],"collection":[{"href":"https:\/\/galerie-seydoux.fr\/en\/wp-json\/wp\/v2\/product"}],"about":[{"href":"https:\/\/galerie-seydoux.fr\/en\/wp-json\/wp\/v2\/types\/product"}],"wp:featuredmedia":[{"embeddable":true,"href":"https:\/\/galerie-seydoux.fr\/en\/wp-json\/wp\/v2\/media\/24399"}],"wp:attachment":[{"href":"https:\/\/galerie-seydoux.fr\/en\/wp-json\/wp\/v2\/media?parent=24464"}],"wp:term":[{"taxonomy":"product_brand","embeddable":true,"href":"https:\/\/galerie-seydoux.fr\/en\/wp-json\/wp\/v2\/product_brand?post=24464"},{"taxonomy":"product_cat","embeddable":true,"href":"https:\/\/galerie-seydoux.fr\/en\/wp-json\/wp\/v2\/product_cat?post=24464"},{"taxonomy":"product_tag","embeddable":true,"href":"https:\/\/galerie-seydoux.fr\/en\/wp-json\/wp\/v2\/product_tag?post=24464"},{"taxonomy":"pa_product_author","embeddable":true,"href":"https:\/\/galerie-seydoux.fr\/en\/wp-json\/wp\/v2\/pa_product_author?post=24464"}],"curies":[{"name":"wp","href":"https:\/\/api.w.org\/{rel}","templated":true}]}}